{"id":66003,"date":"2023-01-04T17:43:50","date_gmt":"2023-01-04T17:43:50","guid":{"rendered":"https:\/\/kessfactory.com\/?post_type=product&#038;p=66003"},"modified":"2025-03-13T14:56:14","modified_gmt":"2025-03-13T14:56:14","slug":"website-blogsystem","status":"publish","type":"product","link":"https:\/\/kessfactory.com\/?product=website-blogsystem","title":{"rendered":"Website Blogsystem"},"content":{"rendered":"<div>\n<p><strong>&#8220;Brauche ich wirklich einen Blog auf meiner Website?&#8221;<\/strong><\/p>\n<p>Diese Frage bekommen wir bei KESS st\u00e4ndig gestellt. Und wei\u00dft Du was wir antworten?<\/p>\n<\/div>\n<div><\/div>\n<div>&#8220;Es kommt drauf an!&#8221;<\/div>\n<div><\/div>\n<div><strong>Punkt 1:<\/strong><br \/>\nWillst Du schnell und einfach und ohne zus\u00e4tzliche Investition bei Google sichtbar werden?<\/div>\n<div><\/div>\n<div>\n<p>&#8220;Ja&#8221; <strong>&#8211;&gt; <\/strong>Dann empfehlen wir ein Blogsystem.<\/p>\n<p><strong>Punkt 2:<\/strong><br \/>\n&#8220;Hast Du interessante(n) Content\/News\/Knowhow, welche(n) Deine Kunden, Patienten, Klienten, Coachees unbedingt regelm\u00e4\u00dfig erfahren sollten?<\/p>\n<\/div>\n<div><\/div>\n<div>&#8220;Ja?&#8221;<strong>&#8211;&gt; <\/strong>Dann empfehlen wir einen Blog.<\/div>\n<div><\/div>\n<div><strong>Punkt 3:<\/strong><br \/>\nWillst Du einmal &#8220;Arbeit&#8221;* mit der Erstellung eines Blogbeitrags haben, davon aber auf mehr Plattformen als nur auf Deiner Website profitieren?&#8221;<\/div>\n<div><\/div>\n<div>&#8220;Ja?&#8221; <strong>&#8211;&gt;<\/strong> Dann empfehlen wir ein Blogsystem.<\/div>\n<div><\/div>\n<div><strong>Punkt 4:<\/strong><br \/>\nOkay, wir k\u00f6nnten hier noch einige Gr\u00fcnde f\u00fcr ein Blogsystem schreiben, aber die entscheidende Frage ist: <strong>Willst Du mit wenig Aufwand viel Wirkung f\u00fcr Dein Unternehmen erzielen?<\/strong><\/div>\n<div>\n<p>&#8220;Ja?&#8221;<\/p>\n<p><strong>&#8211;&gt;<\/strong> Dann nutze die Macht eines Blogsystems!<\/p>\n<p><strong>Und wei\u00dft Du was das BESTE ist?<\/strong><\/p>\n<p>Du sparst Dir dadurch nicht nur viel Kommunikations-Ranking-Googlek<wbr \/>osten und schl\u00e4gst ganz viele Fliegen mit einer Klappe, sondern, falls Du die Arbeit nicht selbst machen willst, \u00fcbernehmen wir Dein Blogtexten auch noch f\u00fcr Dich.<br \/>\nGanz gleich welches Thema!<\/p>\n<p><em><strong>Von einem wichtigen Punkt raten wir aber ab:<\/strong> <\/em><br \/>\nBITTE KLAU KEINEN BLOGINHALT VON EINER ANDEREN WEBSITE!<br \/>\nDas mag Google gar nicht!<\/p>\n<p><strong>*P.KESS:<\/strong><br \/>\nUnd falls Du Dir auch noch &#8220;KESS&#8221; beim Blogtexten dauerhaft sparen magst, aber dennoch wissen willst, wie man solche Texte richtig erstellt &#8211; dann nutze daf\u00fcr einfach unseren <a href=\"https:\/\/kessfactory.com\/shop\/texterworkshop\" target=\"_blank\" rel=\"noopener\"><strong>4 st\u00fcndigen Texterworkshop<\/strong><\/a>. Hier bringt Dir Yvonne schnell und einfach alles bei, was Du oder Deine Mitarbeiter wissen m\u00fcsst, um guten Blogcontent zu erstellen.<\/p>\n<p>Du siehst: Viele Wege f\u00fchren nach \u2026 \u00e4hm zum perfekten Blogsystem!<\/p>\n<\/div>\n","protected":false},"excerpt":{"rendered":"<p>Wei\u00dft Du, wie Du auf leichte und schnelle Weise Dein organisches Googleranking vorantreiben kannst? Genau! In dem Du regelm\u00e4\u00dfige Blogbeitr\u00e4ge ver\u00f6ffentlichst. Somit amortisiert sich diese kleine Investition mehr denn je! Und es kommt noch besser\u2026<a href=\"https:\/\/kessfactory.com\/shop\/website-blogsystem\/#produktbeschreibung\">mehr<\/a><\/p>\n","protected":false},"featured_media":284888,"comment_status":"open","ping_status":"closed","template":"","meta":{"_et_pb_use_builder":"","_et_pb_old_content":"","_et_gb_content_width":"","inline_featured_image":false},"product_brand":[],"product_cat":[160],"product_tag":[],"class_list":{"0":"post-66003","1":"product","2":"type-product","3":"status-publish","4":"has-post-thumbnail","6":"product_cat-website-onlineshop","8":"first","9":"instock","10":"virtual","11":"taxable","12":"purchasable","13":"product-type-simple"},"wcpa_form_fields":null,"_links":{"self":[{"href":"https:\/\/kessfactory.com\/index.php?rest_route=\/wp\/v2\/product\/66003","targetHints":{"allow":["GET"]}}],"collection":[{"href":"https:\/\/kessfactory.com\/index.php?rest_route=\/wp\/v2\/product"}],"about":[{"href":"https:\/\/kessfactory.com\/index.php?rest_route=\/wp\/v2\/types\/product"}],"replies":[{"embeddable":true,"href":"https:\/\/kessfactory.com\/index.php?rest_route=%2Fwp%2Fv2%2Fcomments&post=66003"}],"wp:featuredmedia":[{"embeddable":true,"href":"https:\/\/kessfactory.com\/index.php?rest_route=\/wp\/v2\/media\/284888"}],"wp:attachment":[{"href":"https:\/\/kessfactory.com\/index.php?rest_route=%2Fwp%2Fv2%2Fmedia&parent=66003"}],"wp:term":[{"taxonomy":"product_brand","embeddable":true,"href":"https:\/\/kessfactory.com\/index.php?rest_route=%2Fwp%2Fv2%2Fproduct_brand&post=66003"},{"taxonomy":"product_cat","embeddable":true,"href":"https:\/\/kessfactory.com\/index.php?rest_route=%2Fwp%2Fv2%2Fproduct_cat&post=66003"},{"taxonomy":"product_tag","embeddable":true,"href":"https:\/\/kessfactory.com\/index.php?rest_route=%2Fwp%2Fv2%2Fproduct_tag&post=66003"}],"curies":[{"name":"wp","href":"https:\/\/api.w.org\/{rel}","templated":true}]}}