{"id":284503,"date":"2024-12-29T21:03:35","date_gmt":"2024-12-29T21:03:35","guid":{"rendered":"https:\/\/kessfactory.com\/?post_type=product&#038;p=284503"},"modified":"2025-01-08T20:18:20","modified_gmt":"2025-01-08T20:18:20","slug":"datenschutz","status":"publish","type":"product","link":"https:\/\/kessfactory.com\/?product=datenschutz","title":{"rendered":"Datenschutz"},"content":{"rendered":"<p>Sicherheit und Vertrauen \u2013 Dein Datenschutz vom Profi<\/p>\n<p>Der Schutz von personenbezogenen Daten ist nicht nur ein Muss, sondern auch ein starkes Signal an Deine Kunden: Hier bist Du sicher. Ein rechtssicheres Datenschutzkonzept sch\u00fctzt Dein Unternehmen vor Bu\u00dfgeldern, st\u00e4rkt das Vertrauen Deiner Besucher und zeigt Deine Professionalit\u00e4t.<\/p>\n<p>Mit unserem Datenschutz-Service bist Du bestens aufgestellt: Wir erstellen eine rechtlich einwandfreie Datenschutzerkl\u00e4rung, die genau zu Deinem Unternehmen passt. Dabei ber\u00fccksichtigen wir die Anforderungen der DSGVO (Datenschutz-Grundverordnung) und die Besonderheiten Deiner Branche.<\/p>\n<p>KESSER HINWEIS:<br \/>\nWir sind keine Rechtsberatung;-)<\/p>\n","protected":false},"excerpt":{"rendered":"<p>Wir erstellen Dir mit dem eRecht24 Datenschutzgenerator einen Text der Datenschutzerkl\u00e4rung auf Basis der Daten, die w\u00e4hrend der Website Erstellung von Dir an uns \u00fcbermittelt werden. Zus\u00e4tzlich wird der Text auf einer Unterseite &#8220;Datenschutz&#8221; auf Deiner Website eingebunden. <a href=\"https:\/\/kessfactory.com\/shop\/datenschutz#produktbeschreibung\">mehr<\/a><\/p>\n","protected":false},"featured_media":284504,"comment_status":"closed","ping_status":"closed","template":"","meta":{"_et_pb_use_builder":"","_et_pb_old_content":"","_et_gb_content_width":"","inline_featured_image":false},"product_brand":[],"product_cat":[160],"product_tag":[],"class_list":{"0":"post-284503","1":"product","2":"type-product","3":"status-publish","4":"has-post-thumbnail","6":"product_cat-website-onlineshop","8":"first","9":"instock","10":"virtual","11":"taxable","12":"purchasable","13":"product-type-simple"},"wcpa_form_fields":null,"_links":{"self":[{"href":"https:\/\/kessfactory.com\/index.php?rest_route=\/wp\/v2\/product\/284503","targetHints":{"allow":["GET"]}}],"collection":[{"href":"https:\/\/kessfactory.com\/index.php?rest_route=\/wp\/v2\/product"}],"about":[{"href":"https:\/\/kessfactory.com\/index.php?rest_route=\/wp\/v2\/types\/product"}],"replies":[{"embeddable":true,"href":"https:\/\/kessfactory.com\/index.php?rest_route=%2Fwp%2Fv2%2Fcomments&post=284503"}],"wp:featuredmedia":[{"embeddable":true,"href":"https:\/\/kessfactory.com\/index.php?rest_route=\/wp\/v2\/media\/284504"}],"wp:attachment":[{"href":"https:\/\/kessfactory.com\/index.php?rest_route=%2Fwp%2Fv2%2Fmedia&parent=284503"}],"wp:term":[{"taxonomy":"product_brand","embeddable":true,"href":"https:\/\/kessfactory.com\/index.php?rest_route=%2Fwp%2Fv2%2Fproduct_brand&post=284503"},{"taxonomy":"product_cat","embeddable":true,"href":"https:\/\/kessfactory.com\/index.php?rest_route=%2Fwp%2Fv2%2Fproduct_cat&post=284503"},{"taxonomy":"product_tag","embeddable":true,"href":"https:\/\/kessfactory.com\/index.php?rest_route=%2Fwp%2Fv2%2Fproduct_tag&post=284503"}],"curies":[{"name":"wp","href":"https:\/\/api.w.org\/{rel}","templated":true}]}}