{"id":284290,"date":"2024-12-05T15:14:54","date_gmt":"2024-12-05T15:14:54","guid":{"rendered":"https:\/\/kessfactory.com\/?post_type=product&#038;p=284290"},"modified":"2025-01-08T20:19:49","modified_gmt":"2025-01-08T20:19:49","slug":"website-videoanleitung","status":"publish","type":"product","link":"https:\/\/kessfactory.com\/produkt\/website-videoanleitung","title":{"rendered":"Website Videoanleitung"},"content":{"rendered":"<p><strong>Schritt-f\u00fcr-Schritt-Videoanleitung: &#8220;Wie bediene ich meine WordPress Divi-Seite allgemein&#8221;<\/strong><\/p>\n<p>Willkommen zu unserer KESSEN Videoanleitung! In diesem Video zeigen wir Dir Schritt f\u00fcr Schritt, wie Du Deine WordPress DIVI-Website einfach und effektiv bedienen kannst. Gleich, ob Du &#8220;ein technischer Anf\u00e4nger&#8221; bist oder Dein Wissen nochmals auffrischen m\u00f6chtest \u2013 diese Anleitung gibt Dir alle wichtigen Grundlagen an die Hand.<\/p>\n<p>Schritt-f\u00fcr-Schritt &#8211; so bedienst Du Deine Website OHNE KESSE Unterst\u00fctzung!<\/p>\n<p>F\u00fcr wen ist das Video geeignet?<br \/>\nDieses Tutorial richtet sich an alle KESSEN FAMES, die den Einstieg in die Bedienung ihrer eigenen Homepage oder grundlegende Tipps suchen.<\/p>\n<p>Das BESTE: Du ben\u00f6tigst keine Vorkenntnisse \u2013 Frances zeigt Dir alles Schritt f\u00fcr Schritt!<\/p>\n<p>Schau Dir die Anleitung an und entdecke, wie einfach es ist, Deine WordPress DIVI-Website zu verwalten und zu gestalten. Viel Spa\u00df beim Lernen und Ausprobieren!<\/p>\n<p>Hinweis: Wenn Du Fragen hast oder Unterst\u00fctzung ben\u00f6tigst, steht Dir unser Team gerne zur Verf\u00fcgung!<br \/>\nOder Du g\u00f6nnst Dir gleich einen<a href=\"https:\/\/kessfactory.com\/shop\/technik-call\"> 1:1 TECHNIK+ CALL.<\/a><\/p>\n<p>KESSE GR\u00dcSSE!<br \/>\nWIR.<\/p>\n","protected":false},"excerpt":{"rendered":"<p>Erhalte eine 30-Minuten Schritt-f\u00fcr-Schritt Anleitung, sodass Du auch selbst mal \u00c4nderungen auf Deiner DIVI &amp; Wordpress Website vornehmen kannst.<\/p>\n","protected":false},"featured_media":284293,"comment_status":"closed","ping_status":"closed","template":"","meta":{"_et_pb_use_builder":"","_et_pb_old_content":"","_et_gb_content_width":"","inline_featured_image":false},"product_brand":[],"product_cat":[160],"product_tag":[],"class_list":{"0":"post-284290","1":"product","2":"type-product","3":"status-publish","4":"has-post-thumbnail","6":"product_cat-website-onlineshop","8":"first","9":"instock","10":"virtual","11":"taxable","12":"purchasable","13":"product-type-simple"},"wcpa_form_fields":null,"_links":{"self":[{"href":"https:\/\/kessfactory.com\/wp-json\/wp\/v2\/product\/284290","targetHints":{"allow":["GET"]}}],"collection":[{"href":"https:\/\/kessfactory.com\/wp-json\/wp\/v2\/product"}],"about":[{"href":"https:\/\/kessfactory.com\/wp-json\/wp\/v2\/types\/product"}],"replies":[{"embeddable":true,"href":"https:\/\/kessfactory.com\/wp-json\/wp\/v2\/comments?post=284290"}],"wp:featuredmedia":[{"embeddable":true,"href":"https:\/\/kessfactory.com\/wp-json\/wp\/v2\/media\/284293"}],"wp:attachment":[{"href":"https:\/\/kessfactory.com\/wp-json\/wp\/v2\/media?parent=284290"}],"wp:term":[{"taxonomy":"product_brand","embeddable":true,"href":"https:\/\/kessfactory.com\/wp-json\/wp\/v2\/product_brand?post=284290"},{"taxonomy":"product_cat","embeddable":true,"href":"https:\/\/kessfactory.com\/wp-json\/wp\/v2\/product_cat?post=284290"},{"taxonomy":"product_tag","embeddable":true,"href":"https:\/\/kessfactory.com\/wp-json\/wp\/v2\/product_tag?post=284290"}],"curies":[{"name":"wp","href":"https:\/\/api.w.org\/{rel}","templated":true}]}}