{"id":283820,"date":"2024-10-29T07:36:31","date_gmt":"2024-10-29T07:36:31","guid":{"rendered":"https:\/\/kessfactory.com\/?post_type=product&#038;p=283820"},"modified":"2025-01-08T20:20:00","modified_gmt":"2025-01-08T20:20:00","slug":"positionierungsworkshop","status":"publish","type":"product","link":"https:\/\/kessfactory.com\/?product=positionierungsworkshop","title":{"rendered":"Positionierungsworkshop"},"content":{"rendered":"<h2>Deine Positionierung- weil 0815 heutzutage nicht mehr reicht<\/h2>\n<p>In unserem intensiven Positionierungsworkshop entwickeln wir genau die perfekte Grundlage f\u00fcr Deinen Markenauftritt.<\/p>\n<p>Gemeinsam erarbeiten wir Deine unverwechselbare Identit\u00e4t am Markt, definieren, was Dich und Dein Unternehmen besonders macht, und schaffen so die Basis f\u00fcr eine authentische und erfolgreiche Au\u00dfenwirkung.<\/p>\n<p>Dar\u00fcber hinaus betrachten wir in diesem Workshop Deine St\u00e4rken und Werte, analysieren Deine Zielgruppe bis ins Detail und schaffen mit diesem Wissen ein klares Bild Deiner einzigartigen Positionierung.<\/p>\n<p>Schritt f\u00fcr Schritt definieren wir Deine Kernbotschaften und entwickeln konkrete Ans\u00e4tze, wie Du diese in die Welt tragen kannst \u2013 sei es durch Marketingma\u00dfnahmen, Produktstrategien oder Kommunikation.<\/p>\n<p>Und jaaaa, wenn wir von WIR reden, meinen wir nat\u00fcrlich unsere Yvonne!<br \/>\nYvonne hat in den letzten 25 Jahren mit \u00fcber 2000 Unternehmen zusammengearbeitet, hat schon selbst ein Unternehmen erfolgreich aufgebaut und verkauft und kann daher auf einen wirklich gro\u00dfen Erfahrungsschatz zu greifen.<br \/>\nDaher, buch einfach jetzt Deinen pers\u00f6nlichen und individuellen Workshop, erz\u00e4hl Yvonne Dein Vorhaben und gemeinsam werdet ihr Deine Positionierung, Dein Alleinstellungsmal, Deinen USP finden.<\/p>\n<p><strong>Der Workshop liefert Dir &#8211; au\u00dfer Yvonne&#8217;s Wissen- auch noch dies:<\/strong><\/p>\n<ul>\n<li><strong>Klarheit und Fokus:<\/strong> Wir erarbeiten, was Deine Marke auszeichnet und wie Du diese gezielt st\u00e4rken kannst.<\/li>\n<li><strong>Zielgerichtete Ansprache:<\/strong> Du lernst, Deine idealen Kunden zu verstehen und gezielt anzusprechen.<\/li>\n<li><strong>Wettbewerbsvorteil:<\/strong> Mit einer klaren Positionierung wirst Du f\u00fcr Deine Zielgruppe sichtbar und attraktiv.<\/li>\n<li><strong>Nachhaltige Markenstrategie<\/strong>: Am Ende h\u00e4ltst Du eine umsetzbare Strategie in der Hand, die Dir hilft, langfristig am Markt zu bestehen und Vertrauen aufzubauen.<\/li>\n<\/ul>\n<p>Der Positionierungsworkshop ist der Schl\u00fcssel zu einer starken Marke und einer \u00fcberzeugenden Pr\u00e4senz. Du wirst Deine St\u00e4rken besser verstehen, Deine Botschaften klar formulieren und das Fundament f\u00fcr nachhaltigen Erfolg schaffen.<br \/>\nThat\u00b4s KESS!<\/p>\n","protected":false},"excerpt":{"rendered":"<p>Aller Anfang ist schwer&#8230; und am schwersten ist es tats\u00e4chlich seine pure Positionierung auf dem Markt zu finden! Wenn Du Deine Marke sch\u00e4rfen, Dein Unternehmen klar und einzigartig positionieren und Dich so in der Masse abheben m\u00f6chtest, dann ist dieser Wokshop das A &amp; O f\u00fcr Dich! <a href=\"https:\/\/kessfactory.com\/shop\/positionierungsworkshop\/#produktbeschreibung\">mehr<\/a><\/p>\n","protected":false},"featured_media":283821,"comment_status":"closed","ping_status":"closed","template":"","meta":{"_et_pb_use_builder":"","_et_pb_old_content":"","_et_gb_content_width":"","inline_featured_image":false},"product_brand":[],"product_cat":[156,157,160],"product_tag":[],"class_list":{"0":"post-283820","1":"product","2":"type-product","3":"status-publish","4":"has-post-thumbnail","6":"product_cat-beratung","7":"product_cat-workshops","8":"product_cat-website-onlineshop","10":"first","11":"instock","12":"taxable","13":"shipping-taxable","14":"purchasable","15":"product-type-variable"},"wcpa_form_fields":null,"_links":{"self":[{"href":"https:\/\/kessfactory.com\/index.php?rest_route=\/wp\/v2\/product\/283820","targetHints":{"allow":["GET"]}}],"collection":[{"href":"https:\/\/kessfactory.com\/index.php?rest_route=\/wp\/v2\/product"}],"about":[{"href":"https:\/\/kessfactory.com\/index.php?rest_route=\/wp\/v2\/types\/product"}],"replies":[{"embeddable":true,"href":"https:\/\/kessfactory.com\/index.php?rest_route=%2Fwp%2Fv2%2Fcomments&post=283820"}],"wp:featuredmedia":[{"embeddable":true,"href":"https:\/\/kessfactory.com\/index.php?rest_route=\/wp\/v2\/media\/283821"}],"wp:attachment":[{"href":"https:\/\/kessfactory.com\/index.php?rest_route=%2Fwp%2Fv2%2Fmedia&parent=283820"}],"wp:term":[{"taxonomy":"product_brand","embeddable":true,"href":"https:\/\/kessfactory.com\/index.php?rest_route=%2Fwp%2Fv2%2Fproduct_brand&post=283820"},{"taxonomy":"product_cat","embeddable":true,"href":"https:\/\/kessfactory.com\/index.php?rest_route=%2Fwp%2Fv2%2Fproduct_cat&post=283820"},{"taxonomy":"product_tag","embeddable":true,"href":"https:\/\/kessfactory.com\/index.php?rest_route=%2Fwp%2Fv2%2Fproduct_tag&post=283820"}],"curies":[{"name":"wp","href":"https:\/\/api.w.org\/{rel}","templated":true}]}}