{"id":280849,"date":"2024-05-21T10:53:58","date_gmt":"2024-05-21T10:53:58","guid":{"rendered":"https:\/\/kessfactory.com\/?post_type=product&#038;p=280849"},"modified":"2026-02-04T14:27:05","modified_gmt":"2026-02-04T14:27:05","slug":"website-texte","status":"publish","type":"product","link":"https:\/\/kessfactory.com\/?product=website-texte","title":{"rendered":"Website Texte"},"content":{"rendered":"<p><strong>KESSES CONTENT WRITING<\/strong><br \/>\nEs war noch nie so einfach, seine Gedanken, seine Sprache, seine Inhalte verkaufspsychologisch und SEO-optimiert auf die eigene Website zu bringen.<br \/>\nDu musst es nur delegieren;-)<\/p>\n<p>Bestimmt wei\u00dft Du ja bereits, wie wichtig es ist, seine <strong>ONLINE Texte SEO-optimiert<\/strong> zu schreiben.<br \/>\nDas hei\u00dft, Deine Texte sollten mit W\u00f6rtern &#8220;gespickt&#8221; sein, nach denen in Suchmaschinen gesucht wird, wenn man Deine Dienstleistung oder Dein Produkt braucht.<br \/>\nUm jetzt so einen Seo-Text schreiben zu k\u00f6nnen, musst Du vorher erst einmal wissen, nach welche W\u00f6rtern \u00fcberhaupt gesucht wird. Dazu ben\u00f6tigst Du eine <strong>Keyword-Analyse bzw. eine umfangreiche Recherche.<br \/>\n<\/strong>Soweit so gut. Aber das sollte noch nicht alles sein.<br \/>\nDenn Du willst ja nicht nur gefunden wreden, sondern Du willst bestimmt auch, dass Dein Websitebesucher bei Dir bleibt und etwas kauft.<br \/>\nDaher sollten sich Deine Nutzer auch noch auf Deiner Seite wohlf\u00fchlen, Dir vertrauen und letztendlich Deine Kunden werden, stimmt&#8217;s?<\/p>\n<p><strong>Deswegen sollten Deine Texte nicht nur SEO-optimiert, sondern auch noch verkaufspsychologisch, gepaart mit positiver Rhetorik geschrieben sein! <\/strong><br \/>\nUnd diese Kombi k\u00f6nnen &#8211; tut uns leid f\u00fcr diese Ehrlichkeit &#8211; meist nur Profis.<\/p>\n<p><strong>Gut, dass Du hier bei KESS bist. Hier bekommst Du genau diese Texte.<br \/>\n<\/strong><br \/>\n<strong>+<\/strong> SEO-optimiert<br \/>\n<strong>+<\/strong> verkaufspsychologisch aufbereitet<br \/>\n<strong>+<\/strong> gepaart mit positiver Sinnesrhetorik<br \/>\n<strong>+<\/strong> und unique Content. Wir kopieren nirgends, wir schreiben selbst. In Zeiten von KI nicht mehr selbstverst\u00e4ndlich.<br \/>\n<em><strong>(Kleiner Fun-Fact: KI Texte k\u00f6nnen von Google mit NICHT-RANKING abgestraft werden!)<\/strong><\/em><\/p>\n<p><strong>Und das Wichtigste:<\/strong><br \/>\nGute Texte k\u00f6nnen nur geschrieben werden, wenn das Fundament stimmt!<br \/>\nDaher ist es unabk\u00f6mmlich, eine <strong>Marketing-Content-Strategie<\/strong> zu haben. Sprich, bevor man einen Text in &#8220;sch\u00f6n und gut&#8221; schreibt, muss man erst wissen, was und wen man mit diesem Text erreichen will!<\/p>\n<p><strong>Und das Sch\u00f6nste:<\/strong><br \/>\nWir berechnen nicht wie andere Texteragenturen nach Anzahl der W\u00f6rter. Auch nicht nach Textanzahl.<br \/>\n<strong>Wir sind hier fair und ehrlich und rechnen nach Startseite bzw. Unterseite ab!<\/strong><br \/>\nDas bedeutet f\u00fcr Dich, Du bekommst den Content, den Du auch verdienst.<br \/>\nManchmal braucht man l\u00e4nger f\u00fcr die Recherche, manchmal k\u00fcrzer. Manchmal hat man sofort die Strategie, manchmal f\u00e4ngt man von vorne wieder an. Manchmal bekommt man schon super Zuarbeit vom Kunden, manchmal nur Stichw\u00f6rter.<br \/>\nEs liegt also an unserer Zusammenarbeit, wie gut Deine und wie schnell Deine Texte geschrieben werden k\u00f6nnen.<\/p>\n<p>Aber ob so oder so:<strong> DEINE TEXTE WERDEN AUF JEDEN FALL KESS;-)<\/strong><\/p>\n<p>Und nun: Was d\u00fcrfen wir f\u00fcr Dich texten?<\/p>\n","protected":false},"excerpt":{"rendered":"<p>Du wei\u00dft, was Du auf Deiner Website sagen willst, aber Du bringst Deine Gedanken nicht richtig aufs Papier? Dann hast Du jetzt KESS! Du lieferst die Inhalte, wir liefern Dir die verkaufspsychologischen und SEO-optimierten Texte dazu. <a href=\"https:\/\/kessfactory.com\/shop\/website-texte\/#produktbeschreibung\">mehr<\/a><\/p>\n","protected":false},"featured_media":280885,"comment_status":"closed","ping_status":"closed","template":"","meta":{"_et_pb_use_builder":"","_et_pb_old_content":"","_et_gb_content_width":"","inline_featured_image":false},"product_brand":[],"product_cat":[160],"product_tag":[],"class_list":{"0":"post-280849","1":"product","2":"type-product","3":"status-publish","4":"has-post-thumbnail","6":"product_cat-website-onlineshop","8":"first","9":"instock","10":"taxable","11":"shipping-taxable","12":"purchasable","13":"product-type-variable"},"wcpa_form_fields":null,"_links":{"self":[{"href":"https:\/\/kessfactory.com\/index.php?rest_route=\/wp\/v2\/product\/280849","targetHints":{"allow":["GET"]}}],"collection":[{"href":"https:\/\/kessfactory.com\/index.php?rest_route=\/wp\/v2\/product"}],"about":[{"href":"https:\/\/kessfactory.com\/index.php?rest_route=\/wp\/v2\/types\/product"}],"replies":[{"embeddable":true,"href":"https:\/\/kessfactory.com\/index.php?rest_route=%2Fwp%2Fv2%2Fcomments&post=280849"}],"wp:featuredmedia":[{"embeddable":true,"href":"https:\/\/kessfactory.com\/index.php?rest_route=\/wp\/v2\/media\/280885"}],"wp:attachment":[{"href":"https:\/\/kessfactory.com\/index.php?rest_route=%2Fwp%2Fv2%2Fmedia&parent=280849"}],"wp:term":[{"taxonomy":"product_brand","embeddable":true,"href":"https:\/\/kessfactory.com\/index.php?rest_route=%2Fwp%2Fv2%2Fproduct_brand&post=280849"},{"taxonomy":"product_cat","embeddable":true,"href":"https:\/\/kessfactory.com\/index.php?rest_route=%2Fwp%2Fv2%2Fproduct_cat&post=280849"},{"taxonomy":"product_tag","embeddable":true,"href":"https:\/\/kessfactory.com\/index.php?rest_route=%2Fwp%2Fv2%2Fproduct_tag&post=280849"}],"curies":[{"name":"wp","href":"https:\/\/api.w.org\/{rel}","templated":true}]}}