{"id":273133,"date":"2023-12-18T14:55:40","date_gmt":"2023-12-18T14:55:40","guid":{"rendered":"https:\/\/kessfactory.com\/?post_type=product&#038;p=273133"},"modified":"2024-05-27T11:41:12","modified_gmt":"2024-05-27T11:41:12","slug":"kess-wein","status":"publish","type":"product","link":"https:\/\/kessfactory.com\/?product=kess-wein","title":{"rendered":"KESS Wein"},"content":{"rendered":"<p><strong>KESS+ WEIN+ WEISS.<\/strong><\/p>\n<p>Der KESS Wein ist ein 2022 Riesling trocken aus dem Rheingau aus dem Hause RESS.<br \/>\nIm Glas ist er hell, klar gelb mit gr\u00fcnlichen Reflexen. In der Nase hast Du exotische Aromen von Passionsfrucht und Kiwano, gefolgt von klassischen Rieslingaromen wie gr\u00fcner Apfel und feiner Limonenschale. Am Gaumen wirst Du Rangpur-Limette auf Ankl\u00e4ngen von Kiwi, Stachelbeere und gr\u00fcner Birne erschmecken. Oder auch nicht;-)<\/p>\n<p>Wir empfehlen Dir ihn einfach bei einem guten Gespr\u00e4ch unter FAMES, Freunden &amp; Familie zu genie\u00dfen!<br \/>\nOder diesen mit einem KESS-Gutschein zu verschenken;-)<br \/>\n(Du siehst, Marketing k\u00f6nnen wir -lach!)<\/p>\n<p>Auf DICH.<br \/>\nKESSES WOHL!<\/p>\n<p>P.KESS:<br \/>\nAch ja und hier noch die gesetzlichen Daten, die Du wissen musst:<\/p>\n<p>DIESES PRODUKT ENTH\u00c4LT ALKOHOL!<br \/>\nMit der Einwilligung in unsere AGB best\u00e4tigen Sie, dass Sie das gesetzliche Mindestalter erreicht haben! Bitte sind Sie verantwortungsvoll beim Genu\u00df dieses Artikels.<\/p>\n<p><span style=\"text-decoration: underline;\"><strong>Pflichtangaben<\/strong><\/span><\/p>\n<table style=\"height: 276px;\" border=\"1\" frame=\"void\" rules=\"none\" cellpadding=\"1\">\n<tbody>\n<tr style=\"height: 23px;\">\n<td style=\"height: 23px; width: 277.25px;\" colspan=\"3\"><\/td>\n<\/tr>\n<tr style=\"height: 23px;\">\n<td style=\"height: 23px; width: 111.683px;\">Herkunftsland<\/td>\n<td style=\"height: 23px; width: 4.5px;\">&#8211;<\/td>\n<td style=\"height: 23px; width: 153.067px;\" align=\"left\">Deutschland<\/td>\n<\/tr>\n<tr style=\"height: 23px;\">\n<td style=\"height: 23px; width: 111.683px;\">Anbaugebiet<\/td>\n<td style=\"height: 23px; width: 4.5px;\">&#8211;<\/td>\n<td style=\"height: 23px; width: 153.067px;\" align=\"left\">Rheingau<\/td>\n<\/tr>\n<tr style=\"height: 23px;\">\n<td style=\"height: 23px; width: 111.683px;\">Winzer \/ Weingut<\/td>\n<td style=\"height: 23px; width: 4.5px;\">&#8211;<\/td>\n<td style=\"height: 23px; width: 153.067px;\" align=\"left\">Weingut Balthasar Ress<\/td>\n<\/tr>\n<tr style=\"height: 23px;\">\n<td style=\"height: 23px; width: 111.683px;\">Jahrgang<\/td>\n<td style=\"height: 23px; width: 4.5px;\">&#8211;<\/td>\n<td style=\"height: 23px; width: 153.067px;\" align=\"left\">2022<\/td>\n<\/tr>\n<tr style=\"height: 23px;\">\n<td style=\"height: 23px; width: 111.683px;\">Farbe<\/td>\n<td style=\"height: 23px; width: 4.5px;\">&#8211;<\/td>\n<td style=\"height: 23px; width: 153.067px;\" align=\"left\">Wei\u00df<\/td>\n<\/tr>\n<tr style=\"height: 23px;\">\n<td style=\"height: 23px; width: 111.683px;\">Geschmack<\/td>\n<td style=\"height: 23px; width: 4.5px;\">&#8211;<\/td>\n<td style=\"height: 23px; width: 153.067px;\" align=\"left\">trocken<\/td>\n<\/tr>\n<tr style=\"height: 23px;\">\n<td style=\"height: 23px; width: 111.683px;\">Rebsorten<\/td>\n<td style=\"height: 23px; width: 4.5px;\">&#8211;<\/td>\n<td style=\"height: 23px; width: 153.067px;\" align=\"left\">Riesling<\/td>\n<\/tr>\n<tr style=\"height: 23px;\">\n<td style=\"height: 23px; width: 111.683px;\">Verschluss<\/td>\n<td style=\"height: 23px; width: 4.5px;\">&#8211;<\/td>\n<td style=\"height: 23px; width: 153.067px;\" align=\"left\">Schraubverschlu\u00df<\/td>\n<\/tr>\n<tr style=\"height: 23px;\">\n<td style=\"height: 23px; width: 111.683px;\">Flascheninhalt<\/td>\n<td style=\"height: 23px; width: 4.5px;\">&#8211;<\/td>\n<td style=\"height: 23px; width: 153.067px;\" align=\"left\">0.75 Liter<\/td>\n<\/tr>\n<tr style=\"height: 23px;\">\n<td style=\"height: 23px; width: 111.683px;\">Alkoholgehalt<\/td>\n<td style=\"height: 23px; width: 4.5px;\">&#8211;<\/td>\n<td style=\"height: 23px; width: 153.067px;\" align=\"left\">12,0 Vol%<\/td>\n<\/tr>\n<tr style=\"height: 23px;\">\n<td style=\"height: 23px; width: 111.683px;\">A.P.Nr.<\/td>\n<td style=\"height: 23px; width: 4.5px;\">&#8211;<\/td>\n<td style=\"height: 23px; width: 153.067px;\" align=\"left\">690616500723<\/td>\n<\/tr>\n<\/tbody>\n<\/table>\n<p><span style=\"text-decoration: underline;\"><strong>Inhaltstoffe &amp; Allergene:<\/strong><\/span><\/p>\n<p>Sulfite, kann Spuren von Milch und Ei enthalten<\/p>\n<p><span style=\"text-decoration: underline;\"><strong>verantwortlicher Unternehmer:<\/strong><\/span><\/p>\n<p>Bootled by Stefan B. Ress KG Weinkellerei, D-65347 Ettville am Rhein<br \/>\nf\u00fcr KESS FACTORY GmbH<\/p>\n","protected":false},"excerpt":{"rendered":"<p>Du bietest Produkte, Dienstleistungen, Seminare, Kurse, Workshops, B\u00fccher&#8230; zum Verkauf an, gibst aber Deinen Kunden noch nicht die M\u00f6glichkeit &#8220;DICH&#8221; zu verschenken? Dann hast Du sie jetzt! Hier bekommst Du Dein eigenes Gutschein System f\u00fcr Dein Unternehmen&#8230; <a href=\"https:\/\/kessfactory.com\/shop\/online-gutschein-system\/#produktbeschreibung\">mehr<\/a><\/p>\n","protected":false},"featured_media":273134,"comment_status":"open","ping_status":"closed","template":"","meta":{"_et_pb_use_builder":"","_et_pb_old_content":"","_et_gb_content_width":"","inline_featured_image":false},"product_brand":[],"product_cat":[161,162],"product_tag":[],"class_list":{"0":"post-273133","1":"product","2":"type-product","3":"status-publish","4":"has-post-thumbnail","6":"product_cat-gutscheine","7":"product_cat-geschenk","9":"first","10":"instock","11":"taxable","12":"shipping-taxable","13":"purchasable","14":"product-type-simple"},"wcpa_form_fields":null,"_links":{"self":[{"href":"https:\/\/kessfactory.com\/index.php?rest_route=\/wp\/v2\/product\/273133","targetHints":{"allow":["GET"]}}],"collection":[{"href":"https:\/\/kessfactory.com\/index.php?rest_route=\/wp\/v2\/product"}],"about":[{"href":"https:\/\/kessfactory.com\/index.php?rest_route=\/wp\/v2\/types\/product"}],"replies":[{"embeddable":true,"href":"https:\/\/kessfactory.com\/index.php?rest_route=%2Fwp%2Fv2%2Fcomments&post=273133"}],"wp:featuredmedia":[{"embeddable":true,"href":"https:\/\/kessfactory.com\/index.php?rest_route=\/wp\/v2\/media\/273134"}],"wp:attachment":[{"href":"https:\/\/kessfactory.com\/index.php?rest_route=%2Fwp%2Fv2%2Fmedia&parent=273133"}],"wp:term":[{"taxonomy":"product_brand","embeddable":true,"href":"https:\/\/kessfactory.com\/index.php?rest_route=%2Fwp%2Fv2%2Fproduct_brand&post=273133"},{"taxonomy":"product_cat","embeddable":true,"href":"https:\/\/kessfactory.com\/index.php?rest_route=%2Fwp%2Fv2%2Fproduct_cat&post=273133"},{"taxonomy":"product_tag","embeddable":true,"href":"https:\/\/kessfactory.com\/index.php?rest_route=%2Fwp%2Fv2%2Fproduct_tag&post=273133"}],"curies":[{"name":"wp","href":"https:\/\/api.w.org\/{rel}","templated":true}]}}