{"id":271295,"date":"2023-07-24T19:17:50","date_gmt":"2023-07-24T19:17:50","guid":{"rendered":"https:\/\/kessfactory.com\/?post_type=product&#038;p=271295"},"modified":"2025-01-09T06:46:03","modified_gmt":"2025-01-09T06:46:03","slug":"broschuere","status":"publish","type":"product","link":"https:\/\/kessfactory.com\/?product=broschuere","title":{"rendered":"Brosch\u00fcre"},"content":{"rendered":"<div class=\"et_pb_tab clearfix et_pb_active_content et-pb-active-slide\">\n<div class=\"et_pb_tab_content\">\n<p><strong>Eine Brosch\u00fcre ist ein perfektes Aush\u00e4ngeschild f\u00fcr Dein Unternehmen!<\/strong><\/p>\n<p>Das GENAILE daran: Eine Brosch\u00fcre kannst Du immer und \u00fcberall einsetzen. Gleich ob Du diese als Print-Produkt nutzt oder als digitale Variante an Deine Kunden verschickst &#8211; eine eigene Brosch\u00fcre schafft Eindruck, Reputation und vor allem , wenn sie kess gemacht ist &#8211; ein MOMENTUM!<\/p>\n<p><strong>Und falls Du Dich jetzt fragst:<\/strong><br \/>\n<strong>?<\/strong> Was soll ich denn in so einer Brosch\u00fcre alles kommunizieren?<br \/>\n<strong>?<\/strong> Was interessiert denn meine Kunden so?<br \/>\n<strong>?<\/strong> Was wollen die denn lesen?<br \/>\n<strong>?<\/strong> Und Vorallem, wie und wo und warum kann ich mit einer eigenen Brosch\u00fcre Geld verdienen?<\/p>\n<p>Dann h\u00e4tten wirhier ein paar Ideen:<br \/>\n<strong>!<\/strong> Dein USP oder Deine USPs<br \/>\n<strong>!<\/strong> Deine Produkte<br \/>\n<strong>!<\/strong> Deine Dienstleistungen<br \/>\n<strong>!<\/strong> Deine Unternehmensstory<br \/>\n<strong>!<\/strong> Deine Werte, Ziele<br \/>\n<strong>!<\/strong> Kundenstorys<br \/>\n<strong>!<\/strong> Deine Firmengeschichte<br \/>\n<strong>!<\/strong> Deine&#8230;<\/p>\n<p>Naja, Du siehst, man kann gaaaaaannnnz viel in solch einer Brosch\u00fcre unterbringen.<br \/>\nWichtig ist nur, dass Du das RIchtige kommuniziertst!<\/p>\n<p><strong>Daher ist u.a. in Deinem Brosch\u00fcreninvest auch ein MARKETING+ CAL.: mit Yvonne inclusive!<br \/>\nDort erz\u00e4hlst Du ihr Dein Ziel Deiner Brosch\u00fcre und sie sagt Dir, was Deine Brosch\u00fcre alles kommunizieren sollte\/muss, um Dein Ziel zu erreichen!<br \/>\nSelbstverst\u00e4ndlich bekommst Du noch ein paar Leistungen dazu!<\/strong><\/p>\n<p>Diese siehst Du nun hier:<\/p>\n<p>+ 1 LIVE+ MARKETING+ CALL mit Yvonne. <strong><br \/>\n<\/strong><strong>+ 1<\/strong> <strong>Layout Entwurf<\/strong> inklusive Cover im A4 Format<br \/>\n<strong>+<\/strong> Anpassung Deiner Texte in <strong>verkaufspsychologischer, positiver und neurolinguistischer Sprache<\/strong><br \/>\n<strong>+ 2<\/strong> Korrekturschleifen<br \/>\n<strong>+<\/strong> <strong>Finale Layout-Datei im PDF-Format<\/strong> (Druck optional)<br \/>\n<strong>+ 2h<\/strong> Projekt-Call (Projektzeit)<\/p>\n<p><strong>Optional:<\/strong> Druck Brosch\u00fcre mit Drahtheftung, Endformat DIN A4, 12-seitig<\/p>\n<p><strong>Was wir uns von Dir w\u00fcnschen:<\/strong><br \/>\n<strong>+<\/strong> Zuarbeit Corporate Identity (Schriftarten und Farben)*<br \/>\n<strong>+<\/strong> Texte in Stichpunkten bzw. Dein Fachwissen<br \/>\n<strong>+<\/strong> Auswahl Bilder mit Bildrechten**<\/p>\n<p>* Gern k\u00f6nnen wir im Rahmen eines zus\u00e4tzlichen <a href=\"https:\/\/kessfactory.com\/shop\/marketing-call\">Marketing-Calls<\/a> auch ein Moodboard f\u00fcr Dich mit Schriftarten und Farben erstellen.<br \/>\n** Gern k\u00f6nnen wir auch Bilder aus unserer Stockdatenbank verwenden.<\/p>\n<p>Und jetzt: Ab geht die Post!<br \/>\nErschaffen wir gemeinsam Deine eigene Brosch\u00fcre, so dass unser YETI diese bald beim n\u00e4chsten YETI-Check im Wartebereich lesen kann;-)<\/p>\n<\/div>\n<\/div>\n","protected":false},"excerpt":{"rendered":"<p>Wie kess w\u00e4re es denn, wenn Deine Kunden all Deine wichtigen Zahlen, Daten, Fakten, Deine USP\u00b4s, Deine Dienstleistungen und Produkte kompakt in Deiner eigenen Brosch\u00fcre nachlesen k\u00f6nnten? Du diese \u00fcberall als Printbrosch\u00fcre auslegen kannst, mitgeben kannst oder als digitalen Anhang verschicken kannst? Klingt interessant? <a href=\"https:\/\/kessfactory.com\/shop\/broschuere\/#produktbeschreibung\">mehr<\/a><\/p>\n","protected":false},"featured_media":272687,"comment_status":"closed","ping_status":"closed","template":"","meta":{"_et_pb_use_builder":"","_et_pb_old_content":"","_et_gb_content_width":"","inline_featured_image":false},"product_brand":[],"product_cat":[150,151,152],"product_tag":[],"class_list":{"0":"post-271295","1":"product","2":"type-product","3":"status-publish","4":"has-post-thumbnail","6":"product_cat-druckprodukte","7":"product_cat-layout-design","8":"product_cat-branding","10":"first","11":"instock","12":"taxable","13":"shipping-taxable","14":"purchasable","15":"product-type-variable","16":"has-default-attributes"},"wcpa_form_fields":null,"_links":{"self":[{"href":"https:\/\/kessfactory.com\/index.php?rest_route=\/wp\/v2\/product\/271295","targetHints":{"allow":["GET"]}}],"collection":[{"href":"https:\/\/kessfactory.com\/index.php?rest_route=\/wp\/v2\/product"}],"about":[{"href":"https:\/\/kessfactory.com\/index.php?rest_route=\/wp\/v2\/types\/product"}],"replies":[{"embeddable":true,"href":"https:\/\/kessfactory.com\/index.php?rest_route=%2Fwp%2Fv2%2Fcomments&post=271295"}],"wp:featuredmedia":[{"embeddable":true,"href":"https:\/\/kessfactory.com\/index.php?rest_route=\/wp\/v2\/media\/272687"}],"wp:attachment":[{"href":"https:\/\/kessfactory.com\/index.php?rest_route=%2Fwp%2Fv2%2Fmedia&parent=271295"}],"wp:term":[{"taxonomy":"product_brand","embeddable":true,"href":"https:\/\/kessfactory.com\/index.php?rest_route=%2Fwp%2Fv2%2Fproduct_brand&post=271295"},{"taxonomy":"product_cat","embeddable":true,"href":"https:\/\/kessfactory.com\/index.php?rest_route=%2Fwp%2Fv2%2Fproduct_cat&post=271295"},{"taxonomy":"product_tag","embeddable":true,"href":"https:\/\/kessfactory.com\/index.php?rest_route=%2Fwp%2Fv2%2Fproduct_tag&post=271295"}],"curies":[{"name":"wp","href":"https:\/\/api.w.org\/{rel}","templated":true}]}}