{"id":260873,"date":"2023-01-13T10:00:40","date_gmt":"2023-01-13T10:00:40","guid":{"rendered":"https:\/\/kessfactory.com\/?post_type=product&#038;p=260873"},"modified":"2025-01-08T20:26:38","modified_gmt":"2025-01-08T20:26:38","slug":"google-review-website-widget","status":"publish","type":"product","link":"https:\/\/kessfactory.com\/?product=google-review-website-widget","title":{"rendered":"Google Review Website Widget"},"content":{"rendered":"<p><strong>GOOGLE BEWERTUNGEN AUF DEINER WEBSITE!<br \/>\nUnser Google\u00a0<\/strong><b>Review Widget macht es m\u00f6glich.<\/b><\/p>\n<p><strong>Du hast schon flei\u00dfig \u00fcber Google My Business Rezensionen \u00fcber Dich und Deine Produkte und Dienstleistungen erhalten? <\/strong><br \/>\n<strong>Oder Du m\u00f6chtest noch viel mehr Kunden animieren, Dir ein tolles Feedback auf Google zu hinterlassen? <\/strong><br \/>\n<strong>Oder Du willst\u00a0noch eine bessere Vertrauensebene\u00a0zwischen Dir und Deinen Websitebesuchern schaffen?<\/strong><\/p>\n<p>Dann lass Dir von KESS Dein eigenes <strong>Google\u00a0Review\u00a0Widget<\/strong> auf Deiner Website oder Deiner Landingpage einbinden und schon erhalten Deine Websitebesucher und Deine Kunden die M\u00f6glichkeit, die tollen Feedbacks direkt zu lesen und Dir auch eine klasse Rezension zu hinterlassen.<br \/>\n<strong>THAT&#8217;S KESS!<\/strong><\/p>\n<p>Hierf\u00fcr binden wir Dir Deine Google Bewertungen von Google My Business auf Deiner Website ein.<br \/>\nHier arbeiten wir mit dem <a href=\"https:\/\/elfsight.com\/de\/google-reviews-widget\/\" target=\"_blank\" rel=\"noopener\">Google Review Widget von Elfsight.com<\/a>.<\/p>\n<p><strong>Inkludiert in der Google Review Website Bestellung:<\/strong><br \/>\n<strong>+<\/strong> Einrichtung Google Review Widget auf Elfsight.com (inklusive Farbauswahl im Corporate Design)<br \/>\n<strong>+<\/strong> Technische Anbindung des Google Review Widgets an die Website<\/p>\n<p><strong>Nicht inkludiert in der Google Review Website Bestellung:<\/strong><br \/>\n<strong>+<\/strong> Externe Software Kosten von Elfsight.com (ab ca. 5\u20ac\/ Monat).<br \/>\n<strong>Du erh\u00e4ltst selbstverst\u00e4ndlich nach Bestellung eine Video-Anleitung, wie Du die Lizenz ganz einfach erwerben kannst.<br \/>\nDenn Du wei\u00dft ja, wir achten sehr darauf, dass Du unabh\u00e4ngig von KESS bleibst!<\/strong><\/p>\n<p><strong>WICHTIGES P.KESS:<br \/>\nOptional: Software Investitionen k\u00f6nnen im Rahmen unserer <a href=\"https:\/\/kessfactory.com\/shop\/website-wartung\" target=\"_blank\" rel=\"noopener\">Website Wartung<\/a> dazu gebucht werden. That\u00b4s KESS!<\/strong><\/p>\n<p>&nbsp;<\/p>\n","protected":false},"excerpt":{"rendered":"<div class=\"et_pb_module et_pb_wc_description et_pb_wc_description_0_tb_body et_pb_bg_layout_light et_pb_text_align_left\">\n<div class=\"et_pb_module_inner\">\n<p>Du hast schon wunderbare Google My Business Rezensionen und m\u00f6chtest Deine exzellenten Google Bewertungen auf Deiner Website sichtbar machen, um somit sofort Vertrauen zu Deinen Website-Besuchern aufbauen zu k\u00f6nnen? Dann lass Dir jetzt von KESS Dein eigenes Google Review Widget installieren. So einfach geht Reputation. <a href=\"https:\/\/kessfactory.com\/shop\/google-review-website-widget\/#produktbeschreibung\">mehr<\/a><\/p>\n<\/div>\n<\/div>\n","protected":false},"featured_media":284900,"comment_status":"open","ping_status":"closed","template":"","meta":{"_et_pb_use_builder":"","_et_pb_old_content":"","_et_gb_content_width":"","inline_featured_image":false},"product_brand":[],"product_cat":[160],"product_tag":[],"class_list":{"0":"post-260873","1":"product","2":"type-product","3":"status-publish","4":"has-post-thumbnail","6":"product_cat-website-onlineshop","8":"first","9":"instock","10":"taxable","11":"shipping-taxable","12":"purchasable","13":"product-type-simple"},"wcpa_form_fields":null,"_links":{"self":[{"href":"https:\/\/kessfactory.com\/index.php?rest_route=\/wp\/v2\/product\/260873","targetHints":{"allow":["GET"]}}],"collection":[{"href":"https:\/\/kessfactory.com\/index.php?rest_route=\/wp\/v2\/product"}],"about":[{"href":"https:\/\/kessfactory.com\/index.php?rest_route=\/wp\/v2\/types\/product"}],"replies":[{"embeddable":true,"href":"https:\/\/kessfactory.com\/index.php?rest_route=%2Fwp%2Fv2%2Fcomments&post=260873"}],"wp:featuredmedia":[{"embeddable":true,"href":"https:\/\/kessfactory.com\/index.php?rest_route=\/wp\/v2\/media\/284900"}],"wp:attachment":[{"href":"https:\/\/kessfactory.com\/index.php?rest_route=%2Fwp%2Fv2%2Fmedia&parent=260873"}],"wp:term":[{"taxonomy":"product_brand","embeddable":true,"href":"https:\/\/kessfactory.com\/index.php?rest_route=%2Fwp%2Fv2%2Fproduct_brand&post=260873"},{"taxonomy":"product_cat","embeddable":true,"href":"https:\/\/kessfactory.com\/index.php?rest_route=%2Fwp%2Fv2%2Fproduct_cat&post=260873"},{"taxonomy":"product_tag","embeddable":true,"href":"https:\/\/kessfactory.com\/index.php?rest_route=%2Fwp%2Fv2%2Fproduct_tag&post=260873"}],"curies":[{"name":"wp","href":"https:\/\/api.w.org\/{rel}","templated":true}]}}