{"id":56280,"date":"2022-03-21T10:28:40","date_gmt":"2022-03-21T10:28:40","guid":{"rendered":"https:\/\/kessfactory.com\/?page_id=56280"},"modified":"2024-07-29T14:32:13","modified_gmt":"2024-07-29T14:32:13","slug":"freebies","status":"publish","type":"page","link":"https:\/\/kessfactory.com\/?page_id=56280","title":{"rendered":"Freebies"},"content":{"rendered":"<p>[et_pb_section fb_built=&#8221;1&#8243; custom_padding_last_edited=&#8221;on|tablet&#8221; _builder_version=&#8221;4.21.0&#8243; background_enable_color=&#8221;off&#8221; background_video_mp4=&#8221;https:\/\/player.vimeo.com\/progressive_redirect\/playback\/850121563\/rendition\/1080p\/file.mp4?loc=external&#038;signature=a5ebf6c8b9688c736f1b9cce6418613445f2b361eda39ebcddb8436247649f43&#8243; custom_padding=&#8221;19px||65px||false|false&#8221; custom_padding_tablet=&#8221;100px||100px||true|false&#8221; custom_padding_phone=&#8221;50px||50px||true|false&#8221; bottom_divider_color=&#8221;#FFFFFF&#8221; bottom_divider_flip=&#8221;vertical&#8221; background_last_edited=&#8221;on|phone&#8221; background_video_mp4_tablet=&#8221;https:\/\/player.vimeo.com\/progressive_redirect\/playback\/850121594\/rendition\/1080p\/file.mp4?loc=external&#038;signature=fee81acb40cb622a0fc0662c1a3f8c68d32f85a4f334d2ee3886069a1eb06020&#8243; background_video_mp4_phone=&#8221;https:\/\/player.vimeo.com\/progressive_redirect\/playback\/850121634\/rendition\/1080p\/file.mp4?loc=external&#038;signature=87777c146090b2d738ef436459f051c17b7a8c035c43026dfd332fd2024b8873&#8243; background_enable_video_mp4_tablet=&#8221;on&#8221; background_enable_video_mp4_phone=&#8221;on&#8221; global_colors_info=&#8221;{}&#8221;][et_pb_row use_custom_gutter=&#8221;on&#8221; gutter_width=&#8221;1&#8243; make_equal=&#8221;on&#8221; custom_padding_last_edited=&#8221;on|phone&#8221; _builder_version=&#8221;4.21.0&#8243; width=&#8221;88%&#8221; width_tablet=&#8221;&#8221; width_phone=&#8221;87%&#8221; width_last_edited=&#8221;on|phone&#8221; max_width=&#8221;1252px&#8221; custom_margin=&#8221;||||false|false&#8221; custom_margin_tablet=&#8221;0px||0px||false|false&#8221; custom_margin_phone=&#8221;0px||||false|false&#8221; custom_margin_last_edited=&#8221;on|phone&#8221; custom_padding=&#8221;31px||0px|||&#8221; custom_padding_tablet=&#8221;0px||0px||false|false&#8221; custom_padding_phone=&#8221;0px||||false|false&#8221; global_colors_info=&#8221;{}&#8221;][et_pb_column type=&#8221;4_4&#8243; _builder_version=&#8221;4.16&#8243; custom_padding=&#8221;|50px|||false|false&#8221; custom_padding_tablet=&#8221;|0px|||false|false&#8221; custom_padding_phone=&#8221;|0px|||false|false&#8221; custom_padding_last_edited=&#8221;on|tablet&#8221; global_colors_info=&#8221;{}&#8221;][et_pb_text _builder_version=&#8221;4.27.0&#8243; header_font=&#8221;Oswald Light|300||||||#FFFFFF|&#8221; header_text_align=&#8221;center&#8221; header_text_color=&#8221;#FFFFFF&#8221; header_font_size=&#8221;90px&#8221; header_line_height=&#8221;1.5em&#8221; custom_margin=&#8221;10px||||false|false&#8221; custom_margin_tablet=&#8221;10px||||false|false&#8221; custom_margin_phone=&#8221;10px||0px||false|false&#8221; custom_margin_last_edited=&#8221;on|phone&#8221; link_option_url=&#8221;#websitestrategiecall&#8221; hover_enabled=&#8221;0&#8243; header_font_size_tablet=&#8221;90px&#8221; header_font_size_phone=&#8221;46px&#8221; header_font_size_last_edited=&#8221;on|desktop&#8221; header_line_height_tablet=&#8221;1.1em&#8221; header_line_height_phone=&#8221;1.4em&#8221; header_line_height_last_edited=&#8221;on|phone&#8221; global_colors_info=&#8221;{}&#8221; sticky_enabled=&#8221;0&#8243;]<\/p>\n<h1>FREEBIES<span style=\"color: #f78712;\"><\/span><\/h1>\n<p>[\/et_pb_text][et_pb_text _builder_version=&#8221;4.21.2&#8243; text_font=&#8221;||||||||&#8221; text_text_color=&#8221;#ffffff&#8221; text_font_size=&#8221;17px&#8221; text_line_height=&#8221;1.8em&#8221; header_font=&#8221;Poppins|600|||||||&#8221; header_text_color=&#8221;#ffffff&#8221; header_line_height=&#8221;1.4em&#8221; text_orientation=&#8221;center&#8221; width=&#8221;100%&#8221; width_tablet=&#8221;93%&#8221; width_phone=&#8221;97%&#8221; width_last_edited=&#8221;on|phone&#8221; max_width=&#8221;56%&#8221; max_width_tablet=&#8221;100%&#8221; max_width_phone=&#8221;100%&#8221; max_width_last_edited=&#8221;on|phone&#8221; module_alignment=&#8221;center&#8221; custom_margin=&#8221;||||false|false&#8221; custom_margin_tablet=&#8221;30px||||false|false&#8221; custom_margin_phone=&#8221;20px||||false|false&#8221; custom_margin_last_edited=&#8221;on|tablet&#8221; custom_padding=&#8221;||31px|||&#8221; text_font_size_tablet=&#8221;16px&#8221; text_font_size_phone=&#8221;15px&#8221; text_font_size_last_edited=&#8221;on|phone&#8221; global_colors_info=&#8221;{}&#8221;]<\/p>\n<p>Geschenke sind doch immer etwas sch\u00f6nes, stimmt&#8217;s? Hier erh\u00e4ltst Du gratis KESS Know-How.<\/p>\n<p>[\/et_pb_text][et_pb_text _builder_version=&#8221;4.27.0&#8243; text_font=&#8221;Oswald Medium||on||||||&#8221; text_text_color=&#8221;#FFFFFF&#8221; text_font_size=&#8221;26px&#8221; header_font=&#8221;Oswald|600|on||on||||&#8221; header_text_color=&#8221;#ffffff&#8221; header_font_size=&#8221;33px&#8221; header_line_height=&#8221;1.1em&#8221; text_orientation=&#8221;center&#8221; min_height=&#8221;22.8px&#8221; custom_margin_tablet=&#8221;&#8221; custom_margin_phone=&#8221;||0px||false|false&#8221; custom_margin_last_edited=&#8221;on|phone&#8221; custom_padding_tablet=&#8221;&#8221; custom_padding_phone=&#8221;||0px||false|false&#8221; custom_padding_last_edited=&#8221;on|phone&#8221; hover_enabled=&#8221;0&#8243; text_font_size_tablet=&#8221;23px&#8221; text_font_size_phone=&#8221;16px&#8221; text_font_size_last_edited=&#8221;on|phone&#8221; text_line_height_tablet=&#8221;&#8221; text_line_height_phone=&#8221;1.3em&#8221; text_line_height_last_edited=&#8221;on|phone&#8221; header_font_size_tablet=&#8221;33px&#8221; header_font_size_phone=&#8221;25px&#8221; header_font_size_last_edited=&#8221;on|desktop&#8221; text_orientation_tablet=&#8221;&#8221; text_orientation_phone=&#8221;center&#8221; text_orientation_last_edited=&#8221;on|phone&#8221; global_colors_info=&#8221;{}&#8221; sticky_enabled=&#8221;0&#8243; width_last_edited=&#8221;on|tablet&#8221; width_tablet=&#8221;100%&#8221; width_phone=&#8221;100%&#8221;]<\/p>\n<p>\u00dcber welches Geschenk w\u00fcrdest Du Dich noch freuen? Erz\u00e4hl`s uns:<\/p>\n<p>[\/et_pb_text][\/et_pb_column][\/et_pb_row][et_pb_row use_custom_gutter=&#8221;on&#8221; gutter_width=&#8221;2&#8243; custom_padding_last_edited=&#8221;on|phone&#8221; _builder_version=&#8221;4.21.0&#8243; _module_preset=&#8221;default&#8221; width=&#8221;59%&#8221; width_tablet=&#8221;59%&#8221; width_phone=&#8221;88%&#8221; width_last_edited=&#8221;on|phone&#8221; max_width_tablet=&#8221;&#8221; max_width_phone=&#8221;2560%&#8221; max_width_last_edited=&#8221;on|phone&#8221; custom_margin_tablet=&#8221;&#8221; custom_margin_phone=&#8221;0px||||false|false&#8221; custom_margin_last_edited=&#8221;on|phone&#8221; custom_padding_tablet=&#8221;&#8221; custom_padding_phone=&#8221;0px||||false|false&#8221; global_colors_info=&#8221;{}&#8221;][et_pb_column type=&#8221;4_4&#8243; _builder_version=&#8221;4.21.0&#8243; _module_preset=&#8221;default&#8221; global_colors_info=&#8221;{}&#8221;][et_pb_button button_url=&#8221;https:\/\/kessfactory.com\/strategie-call&#8221; button_text=&#8221;Zum Strategie Call&#8221; button_alignment=&#8221;center&#8221; disabled_on=&#8221;off|off|off&#8221; _builder_version=&#8221;4.24.2&#8243; _module_preset=&#8221;default&#8221; custom_button=&#8221;on&#8221; button_text_size=&#8221;22px&#8221; button_text_color=&#8221;#FFFFFF&#8221; button_bg_color=&#8221;#f78713&#8243; button_border_width=&#8221;0px&#8221; button_border_radius=&#8221;0px&#8221; button_font=&#8221;|500|on|on|||||&#8221; button_icon=&#8221;&#xe03c;||divi||400&#8243; button_icon_color=&#8221;#FFFFFF&#8221; button_icon_placement=&#8221;left&#8221; button_on_hover=&#8221;off&#8221; custom_margin=&#8221;||0px||false|false&#8221; custom_margin_tablet=&#8221;||0px||false|false&#8221; custom_margin_phone=&#8221;20px||||false|false&#8221; custom_margin_last_edited=&#8221;on|phone&#8221; custom_padding=&#8221;0px||0px||false|false&#8221; button_text_size_tablet=&#8221;&#8221; button_text_size_phone=&#8221;21px&#8221; button_text_size_last_edited=&#8221;on|phone&#8221; global_colors_info=&#8221;{}&#8221; theme_builder_area=&#8221;post_content&#8221;][\/et_pb_button][et_pb_text _builder_version=&#8221;4.27.0&#8243; _module_preset=&#8221;default&#8221; text_text_color=&#8221;#FFFFFF&#8221; text_font_size=&#8221;14px&#8221; text_line_height=&#8221;1.6em&#8221; text_orientation=&#8221;center&#8221; width=&#8221;48%&#8221; width_tablet=&#8221;100%&#8221; width_phone=&#8221;100%&#8221; width_last_edited=&#8221;on|tablet&#8221; max_width=&#8221;34%&#8221; max_width_tablet=&#8221;100%&#8221; max_width_phone=&#8221;92%&#8221; max_width_last_edited=&#8221;on|tablet&#8221; module_alignment=&#8221;center&#8221; custom_margin=&#8221;10px||||false|false&#8221; hover_enabled=&#8221;0&#8243; text_font_size_tablet=&#8221;14px&#8221; text_font_size_phone=&#8221;13px&#8221; text_font_size_last_edited=&#8221;on|phone&#8221; global_colors_info=&#8221;{}&#8221; sticky_enabled=&#8221;0&#8243;]<\/p>\n<p>Unverbindlicher, gratis und informativer Austausch vor Ort in der Karli 1A, per Zoom oder Telefon<\/p>\n<p>[\/et_pb_text][\/et_pb_column][\/et_pb_row][\/et_pb_section][et_pb_section fb_built=&#8221;1&#8243; _builder_version=&#8221;4.17.6&#8243; _module_preset=&#8221;default&#8221; background_color=&#8221;#FFFFFF&#8221; custom_padding=&#8221;8px||49px|||&#8221; bottom_divider_height=&#8221;268px&#8221; bottom_divider_flip=&#8221;horizontal&#8221; global_colors_info=&#8221;{}&#8221;][et_pb_row column_structure=&#8221;1_3,2_3&#8243; custom_padding_last_edited=&#8221;on|phone&#8221; _builder_version=&#8221;4.17.6&#8243; _module_preset=&#8221;default&#8221; width=&#8221;88%&#8221; max_width=&#8221;1238px&#8221; custom_padding=&#8221;53px|||||&#8221; custom_padding_tablet=&#8221;53px|||||&#8221; custom_padding_phone=&#8221;||0px||false|false&#8221; global_colors_info=&#8221;{}&#8221;][et_pb_column type=&#8221;1_3&#8243; _builder_version=&#8221;4.16&#8243; _module_preset=&#8221;default&#8221; global_colors_info=&#8221;{}&#8221;][et_pb_text _builder_version=&#8221;4.18.0&#8243; _module_preset=&#8221;default&#8221; text_font=&#8221;Oswald|||on|||||&#8221; text_font_size=&#8221;28px&#8221; text_line_height=&#8221;1.4em&#8221; header_font_size=&#8221;28px&#8221; header_2_font=&#8221;||||||||&#8221; header_2_font_size=&#8221;44px&#8221; header_2_line_height=&#8221;1.4em&#8221; custom_margin=&#8221;||12px|||&#8221; text_font_size_tablet=&#8221;28px&#8221; text_font_size_phone=&#8221;28px&#8221; text_font_size_last_edited=&#8221;on|phone&#8221; header_2_font_size_tablet=&#8221;28px&#8221; header_2_font_size_phone=&#8221;28px&#8221; header_2_font_size_last_edited=&#8221;on|phone&#8221; global_colors_info=&#8221;{}&#8221;]<\/p>\n<h2>BRAND<span style=\"color: #f78713;\">+<\/span><em><span style=\"color: #000000;\"><\/span><\/em><\/h2>\n<p>[\/et_pb_text][et_pb_divider color=&#8221;#000000&#8243; divider_weight=&#8221;11px&#8221; _builder_version=&#8221;4.16&#8243; _module_preset=&#8221;default&#8221; width=&#8221;15%&#8221; global_colors_info=&#8221;{}&#8221;][\/et_pb_divider][et_pb_image src=&#8221;https:\/\/kessfactory.com\/wp-content\/uploads\/2022\/04\/eBook-Marke-Mockup.png&#8221; title_text=&#8221;eBook Marke Mockup&#8221; url=&#8221;https:\/\/kessfactory.com\/ebook-marke&#8221; _builder_version=&#8221;4.17.6&#8243; _module_preset=&#8221;default&#8221; width_tablet=&#8221;51%&#8221; width_phone=&#8221;80%&#8221; width_last_edited=&#8221;on|tablet&#8221; global_colors_info=&#8221;{}&#8221;][\/et_pb_image][\/et_pb_column][et_pb_column type=&#8221;2_3&#8243; _builder_version=&#8221;4.16&#8243; _module_preset=&#8221;default&#8221; global_colors_info=&#8221;{}&#8221;][et_pb_text _builder_version=&#8221;4.27.0&#8243; _module_preset=&#8221;default&#8221; text_font=&#8221;Oswald||||||||&#8221; text_font_size=&#8221;28px&#8221; text_line_height=&#8221;1.4em&#8221; header_font_size=&#8221;28px&#8221; header_2_font=&#8221;||||||||&#8221; header_2_font_size=&#8221;28px&#8221; header_2_line_height=&#8221;1.2em&#8221; custom_margin=&#8221;||3px|||&#8221; hover_enabled=&#8221;0&#8243; text_font_size_tablet=&#8221;&#8221; text_font_size_phone=&#8221;24px&#8221; text_font_size_last_edited=&#8221;on|phone&#8221; header_2_font_size_tablet=&#8221;28px&#8221; header_2_font_size_phone=&#8221;22px&#8221; header_2_font_size_last_edited=&#8221;on|phone&#8221; global_colors_info=&#8221;{}&#8221; sticky_enabled=&#8221;0&#8243; width_last_edited=&#8221;on|phone&#8221; width_phone=&#8221;69%&#8221;]<\/p>\n<h2>Bist Du schon eine Marke oder kaufst Du nur welche?<em><span style=\"color: #000000;\"><\/span><\/em><\/h2>\n<p>[\/et_pb_text][et_pb_text _builder_version=&#8221;4.27.0&#8243; _module_preset=&#8221;default&#8221; text_font=&#8221;Oswald||||||||&#8221; text_font_size=&#8221;28px&#8221; text_line_height=&#8221;1.4em&#8221; header_font_size=&#8221;28px&#8221; header_2_font=&#8221;||||||||&#8221; header_2_text_color=&#8221;#f68712&#8243; header_2_font_size=&#8221;28px&#8221; header_2_line_height=&#8221;1.2em&#8221; custom_margin=&#8221;||12px|||&#8221; hover_enabled=&#8221;0&#8243; text_font_size_tablet=&#8221;&#8221; text_font_size_phone=&#8221;&#8221; text_font_size_last_edited=&#8221;on|phone&#8221; header_2_font_size_tablet=&#8221;28px&#8221; header_2_font_size_phone=&#8221;22px&#8221; header_2_font_size_last_edited=&#8221;on|phone&#8221; global_colors_info=&#8221;{}&#8221; sticky_enabled=&#8221;0&#8243;]<\/p>\n<h2>Wie auch Du zur Marke wirst!<em><span style=\"color: #000000;\"><\/span><\/em><\/h2>\n<p>[\/et_pb_text][et_pb_text _builder_version=&#8221;4.27.0&#8243; _module_preset=&#8221;default&#8221; text_text_color=&#8221;#000000&#8243; text_line_height=&#8221;1.8em&#8221; custom_margin=&#8221;||11px|||&#8221; hover_enabled=&#8221;0&#8243; text_font_size_tablet=&#8221;&#8221; text_font_size_phone=&#8221;15px&#8221; text_font_size_last_edited=&#8221;on|phone&#8221; global_colors_info=&#8221;{}&#8221; sticky_enabled=&#8221;0&#8243; text_line_height_last_edited=&#8221;on|phone&#8221; text_line_height_phone=&#8221;1.7em&#8221; text_line_height_tablet=&#8221;1.8em&#8221;]<\/p>\n<p>Ob Du es Markenbildung oder Branding nennst &#8211; eines ist sicher:<br \/>Eine Marke aufzubauen erfordert eine gute Marketingstrategie, ein gutes Gesp\u00fcr f\u00fcr den Markt, ein gutes Produkt,\u2026 na Du wei\u00dft jetzt sicherlich selbst, was da noch alles kommen k\u00f6nnte.<\/p>\n<p>Aber das Wichtigste beachten die meisten Unternehmen meist nie!<br \/>Um eine Marke auf dem Markt zu etablieren, um \u00fcberhaupt eine Marke zu werden, musst Du und Dein Team erst einmal selbst Deine Zielgruppe sein! Eine Zielgruppe, die vollends hinter dem eigenen Tun und Handeln steht und alles daf\u00fcr machen w\u00fcrde. Denn Marken werden nicht \u00fcber Nacht zu Marken. Um eine Marke zu werden, erfordert es sehr viel Flei\u00df, Disziplin, Durchhalteverm\u00f6gen und nat\u00fcrlich viel Recherche \u00fcber Marken, die es bereits geschafft haben.<\/p>\n<p>Recherchiere doch hier einfach einmal nach, wie es Coca Cola, Apple, Starbucks, Vorwerk, Tempo, K\u00e4rcher, diese gro\u00dfen Marken geschafft haben, eine MARKE zu werden und was sie alles daf\u00fcr getan haben.<\/p>\n<p>Unser kesses gratis e-Book wird Dir diese Markengeschichten und noch so einiges mehr verraten. Versprochen!<\/p>\n<p><strong>Und was denkst Du: \u2028&#8221;BIST DU SCHON EINE MARKE ODER KAUFST DU NUR WELCHE?&#8221; <\/strong><strong>Finde jetzt heraus, wie auch Du zur MARKE wirst!<\/strong><\/p>\n<p>[\/et_pb_text][et_pb_button button_url=&#8221;https:\/\/kessfactory.com\/ebook-marke\/&#8221; button_text=&#8221;Zum eBook Download&#8221; button_alignment_tablet=&#8221;&#8221; button_alignment_phone=&#8221;center&#8221; button_alignment_last_edited=&#8221;on|phone&#8221; _builder_version=&#8221;4.27.0&#8243; _module_preset=&#8221;default&#8221; custom_button=&#8221;on&#8221; button_text_size=&#8221;26px&#8221; button_text_color=&#8221;#f58613&#8243; button_bg_color=&#8221;RGBA(255,255,255,0)&#8221; button_border_width=&#8221;0px&#8221; button_border_radius=&#8221;0px&#8221; button_font=&#8221;|500|on|on|||||&#8221; button_icon=&#8221;&#xe03c;||divi||400&#8243; button_icon_color=&#8221;#f58613&#8243; button_icon_placement=&#8221;left&#8221; button_on_hover=&#8221;off&#8221; custom_padding=&#8221;0px|||||&#8221; hover_enabled=&#8221;0&#8243; button_text_size_tablet=&#8221;&#8221; button_text_size_phone=&#8221;20px&#8221; button_text_size_last_edited=&#8221;on|phone&#8221; global_colors_info=&#8221;{}&#8221; custom_margin=&#8221;|||-20px|false|false&#8221; sticky_enabled=&#8221;0&#8243; custom_margin_last_edited=&#8221;on|phone&#8221; custom_margin_phone=&#8221;20px|||-20px|false|false&#8221; custom_margin_tablet=&#8221;|||-20px|false|false&#8221;][\/et_pb_button][\/et_pb_column][\/et_pb_row][\/et_pb_section][et_pb_section fb_built=&#8221;1&#8243; _builder_version=&#8221;4.17.6&#8243; _module_preset=&#8221;default&#8221; background_color=&#8221;#FFFFFF&#8221; custom_padding=&#8221;8px||51px|||&#8221; bottom_divider_height=&#8221;268px&#8221; bottom_divider_flip=&#8221;horizontal&#8221; global_colors_info=&#8221;{}&#8221;][et_pb_row column_structure=&#8221;1_3,2_3&#8243; _builder_version=&#8221;4.16&#8243; _module_preset=&#8221;default&#8221; width=&#8221;88%&#8221; max_width=&#8221;1238px&#8221; custom_padding=&#8221;6px|||||&#8221; global_colors_info=&#8221;{}&#8221;][et_pb_column type=&#8221;1_3&#8243; _builder_version=&#8221;4.16&#8243; _module_preset=&#8221;default&#8221; global_colors_info=&#8221;{}&#8221;][et_pb_text _builder_version=&#8221;4.17.6&#8243; _module_preset=&#8221;default&#8221; text_font=&#8221;Oswald|||on|||||&#8221; text_font_size=&#8221;28px&#8221; text_line_height=&#8221;1.4em&#8221; header_font_size=&#8221;28px&#8221; header_2_font=&#8221;Oswald||||||||&#8221; header_2_font_size=&#8221;44px&#8221; header_2_line_height=&#8221;1.4em&#8221; custom_margin=&#8221;||12px|||&#8221; text_font_size_tablet=&#8221;28px&#8221; text_font_size_phone=&#8221;28px&#8221; text_font_size_last_edited=&#8221;on|phone&#8221; header_2_font_size_tablet=&#8221;28px&#8221; header_2_font_size_phone=&#8221;28px&#8221; header_2_font_size_last_edited=&#8221;on|phone&#8221; global_colors_info=&#8221;{}&#8221;]<\/p>\n<h2>ABOUT<em><span style=\"color: #000000;\"><\/span><\/em><\/h2>\n<p>[\/et_pb_text][et_pb_divider color=&#8221;#000000&#8243; divider_weight=&#8221;11px&#8221; _builder_version=&#8221;4.16&#8243; _module_preset=&#8221;default&#8221; width=&#8221;15%&#8221; global_colors_info=&#8221;{}&#8221;][\/et_pb_divider][et_pb_image src=&#8221;https:\/\/kessfactory.com\/wp-content\/uploads\/2022\/04\/eBook_Mockup_Erfolg.png&#8221; title_text=&#8221;eBook_Mockup_Erfolg&#8221; url=&#8221;https:\/\/kessfactory.com\/ebook-wege-zum-erfolg&#8221; _builder_version=&#8221;4.17.6&#8243; _module_preset=&#8221;default&#8221; width_tablet=&#8221;51%&#8221; width_phone=&#8221;80%&#8221; width_last_edited=&#8221;on|tablet&#8221; global_colors_info=&#8221;{}&#8221;][\/et_pb_image][\/et_pb_column][et_pb_column type=&#8221;2_3&#8243; _builder_version=&#8221;4.16&#8243; _module_preset=&#8221;default&#8221; global_colors_info=&#8221;{}&#8221;][et_pb_text _builder_version=&#8221;4.27.0&#8243; _module_preset=&#8221;default&#8221; text_font=&#8221;Oswald||||||||&#8221; text_font_size=&#8221;28px&#8221; text_line_height=&#8221;1.4em&#8221; header_font_size=&#8221;28px&#8221; header_2_font=&#8221;||||||||&#8221; header_2_font_size=&#8221;28px&#8221; header_2_line_height=&#8221;1.2em&#8221; custom_margin=&#8221;||3px|||&#8221; text_font_size_tablet=&#8221;&#8221; text_font_size_phone=&#8221;24px&#8221; text_font_size_last_edited=&#8221;on|phone&#8221; header_2_font_size_tablet=&#8221;28px&#8221; header_2_font_size_phone=&#8221;22px&#8221; header_2_font_size_last_edited=&#8221;on|phone&#8221; global_colors_info=&#8221;{}&#8221; width_phone=&#8221;100%&#8221; width_last_edited=&#8221;on|phone&#8221; hover_enabled=&#8221;0&#8243; sticky_enabled=&#8221;0&#8243;]<\/p>\n<h2>Die 6 schnellen Wege zum Erfolg<em><span style=\"color: #000000;\"><\/span><\/em><\/h2>\n<p>[\/et_pb_text][et_pb_text _builder_version=&#8221;4.17.6&#8243; _module_preset=&#8221;default&#8221; text_font=&#8221;Oswald||||||||&#8221; text_font_size=&#8221;28px&#8221; text_line_height=&#8221;1.4em&#8221; header_font_size=&#8221;28px&#8221; header_2_font=&#8221;||||||||&#8221; header_2_text_color=&#8221;#f68712&#8243; header_2_font_size=&#8221;28px&#8221; header_2_line_height=&#8221;1.2em&#8221; custom_margin=&#8221;||12px|||&#8221; text_font_size_tablet=&#8221;&#8221; text_font_size_phone=&#8221;&#8221; text_font_size_last_edited=&#8221;on|phone&#8221; header_2_font_size_tablet=&#8221;28px&#8221; header_2_font_size_phone=&#8221;22px&#8221; header_2_font_size_last_edited=&#8221;on|phone&#8221; global_colors_info=&#8221;{}&#8221;]<\/p>\n<h2>Nach einer wahren Erfolgsgeschichte<em><span style=\"color: #000000;\"><\/span><\/em><\/h2>\n<p>[\/et_pb_text][et_pb_text _builder_version=&#8221;4.27.0&#8243; _module_preset=&#8221;default&#8221; text_text_color=&#8221;#000000&#8243; text_line_height=&#8221;1.8em&#8221; custom_margin=&#8221;||11px|||&#8221; text_font_size_tablet=&#8221;&#8221; text_font_size_phone=&#8221;15px&#8221; text_font_size_last_edited=&#8221;on|phone&#8221; global_colors_info=&#8221;{}&#8221; sticky_enabled=&#8221;0&#8243; text_line_height_phone=&#8221;1.7em&#8221; text_line_height_last_edited=&#8221;on|phone&#8221; text_line_height_tablet=&#8221;1.8em&#8221;]<\/p>\n<p>&#8220;WENN N\u00d6TIG, BITTE WENDEN!&#8221;<br \/>Das Leben ist zu schnell vorbei, um in die falsche Richtung zu laufen, stimmt\u2019s?<\/p>\n<p>Also stellen wir hier eine ganz simple Frage: &#8220;MUSST DU WENDEN? Bist Du noch auf dem richtigen Weg, den Du f\u00fcr Dich zum Erfolg gew\u00e4hlt hast? Und welche Wege f\u00fchren \u00fcberhaupt zum Erfolg?&#8221;<\/p>\n<p>Genau diese Fragen stellten wir uns auch vor vielen, vielen Jahren. Besser gesagt, stellte sich diese Fragen explizit unsere Fabrikantin Yvonne. \u2028Ja, richtig gelesen! Hier bekommst Du nicht nur einfach eine Geschichte \u00fcber Erfolgsweg! \u2028Hier bekommst Du eine WAHRE Geschichte und zwar die Erfolgsgeschichte unserer Yvonne Wei\u00dfenborn.<br \/>In 6 kurzen Kapiteln l\u00e4sst sie Dich in ihr Leben blicken, zeigt Dir auf, was sie alles f\u00fcr Opfer gebracht hat, um ihre Ziele zu erreichen und sagt ganz offen und ehrlich: &#8220;Vergiss diese ganzen M\u00f6chtegerns da drau\u00dfen, die Dir erz\u00e4hlen, dass Du nur Dein Mindset \u00e4ndern musst und schwupp kommt der Erfolg von ganz allein!&#8221; Nat\u00fcrlich solltest Du ein gewisses Mindest haben, aber das alleine reicht nicht! Erfolg hat genau drei Buchstaben: \u2028T-U-N! Und um erfolgreich zu sein, musst Du einiges daf\u00fcr tun!<\/p>\n<p>Und? Neugierig, wie es eine 2-fache alleinerziehende Mutter geschafft hat ohne staatliche Hilfe, ohne Kredite, ohne F\u00f6rderungen erfolgreich zu werden?<br \/><strong><\/strong><\/p>\n<p><strong>Dann lad&#8217; Dir jetzt dieses gratis eBook einfach herunter und blicke &#8220;behind the scence&#8221; der KESS FACTORY Gr\u00fcnderin Yvonne.<\/strong><\/p>\n<p>[\/et_pb_text][et_pb_button button_url=&#8221;https:\/\/kessfactory.com\/ebook-wege-zum-erfolg&#8221; button_text=&#8221;Zum ebook Download&#8221; button_alignment_tablet=&#8221;&#8221; _builder_version=&#8221;4.27.0&#8243; _module_preset=&#8221;default&#8221; custom_button=&#8221;on&#8221; button_text_size=&#8221;26px&#8221; button_text_color=&#8221;#f58613&#8243; button_bg_color=&#8221;RGBA(255,255,255,0)&#8221; button_border_width=&#8221;0px&#8221; button_border_radius=&#8221;0px&#8221; button_font=&#8221;|500|on|on|||||&#8221; button_icon=&#8221;&#xe03c;||divi||400&#8243; button_icon_color=&#8221;#f58613&#8243; button_icon_placement=&#8221;left&#8221; button_on_hover=&#8221;off&#8221; custom_padding=&#8221;0px|||||&#8221; button_text_size_tablet=&#8221;&#8221; button_text_size_phone=&#8221;20px&#8221; button_text_size_last_edited=&#8221;on|phone&#8221; global_colors_info=&#8221;{}&#8221; custom_margin=&#8221;|||-20px|false|false&#8221; custom_margin_phone=&#8221;20px|||-20px|false|false&#8221; custom_margin_last_edited=&#8221;on|phone&#8221; button_alignment_last_edited=&#8221;on|phone&#8221; button_alignment_phone=&#8221;center&#8221; hover_enabled=&#8221;0&#8243; sticky_enabled=&#8221;0&#8243; custom_margin_tablet=&#8221;|||-20px|false|false&#8221;][\/et_pb_button][\/et_pb_column][\/et_pb_row][\/et_pb_section]<\/p>\n","protected":false},"excerpt":{"rendered":"<p>FREEBIESGeschenke sind doch immer etwas sch\u00f6nes, stimmt&#8217;s? Hier erh\u00e4ltst Du gratis KESS Know-How.\u00dcber welches Geschenk w\u00fcrdest Du Dich noch freuen? Erz\u00e4hl`s uns:Unverbindlicher, gratis und informativer Austausch vor Ort in der Karli 1A, per Zoom oder TelefonBRAND+Bist Du schon eine Marke oder kaufst Du nur welche?Wie auch Du zur Marke wirst!Ob Du es Markenbildung oder Branding nennst &#8211; eines ist sicher:Eine Marke aufzubauen erfordert eine gute Marketingstrategie, ein gutes Gesp\u00fcr f\u00fcr den Markt, ein gutes Produkt,\u2026 na Du wei\u00dft jetzt sicherlich selbst, was da noch alles kommen k\u00f6nnte. Aber das Wichtigste beachten die meisten Unternehmen meist nie!Um eine Marke auf dem Markt zu etablieren, um \u00fcberhaupt eine Marke zu werden, musst Du und Dein Team erst einmal selbst Deine Zielgruppe sein! Eine Zielgruppe, die vollends hinter dem eigenen Tun und Handeln steht und alles daf\u00fcr machen w\u00fcrde. Denn Marken werden nicht \u00fcber Nacht zu Marken. Um eine Marke zu werden, erfordert es sehr viel Flei\u00df, Disziplin, Durchhalteverm\u00f6gen und nat\u00fcrlich viel Recherche \u00fcber Marken, die es bereits geschafft haben. Recherchiere doch hier einfach einmal nach, wie es Coca Cola, Apple, Starbucks, Vorwerk, Tempo, K\u00e4rcher, diese gro\u00dfen Marken geschafft haben, eine MARKE zu werden und was sie alles daf\u00fcr getan haben. Unser kesses [&hellip;]<\/p>\n","protected":false},"author":4,"featured_media":0,"parent":0,"menu_order":0,"comment_status":"closed","ping_status":"closed","template":"","meta":{"_et_pb_use_builder":"on","_et_pb_old_content":"","_et_gb_content_width":"","inline_featured_image":false,"footnotes":""},"class_list":["post-56280","page","type-page","status-publish","hentry"],"_links":{"self":[{"href":"https:\/\/kessfactory.com\/index.php?rest_route=\/wp\/v2\/pages\/56280","targetHints":{"allow":["GET"]}}],"collection":[{"href":"https:\/\/kessfactory.com\/index.php?rest_route=\/wp\/v2\/pages"}],"about":[{"href":"https:\/\/kessfactory.com\/index.php?rest_route=\/wp\/v2\/types\/page"}],"author":[{"embeddable":true,"href":"https:\/\/kessfactory.com\/index.php?rest_route=\/wp\/v2\/users\/4"}],"replies":[{"embeddable":true,"href":"https:\/\/kessfactory.com\/index.php?rest_route=%2Fwp%2Fv2%2Fcomments&post=56280"}],"version-history":[{"count":0,"href":"https:\/\/kessfactory.com\/index.php?rest_route=\/wp\/v2\/pages\/56280\/revisions"}],"wp:attachment":[{"href":"https:\/\/kessfactory.com\/index.php?rest_route=%2Fwp%2Fv2%2Fmedia&parent=56280"}],"curies":[{"name":"wp","href":"https:\/\/api.w.org\/{rel}","templated":true}]}}