{"id":53097,"date":"2022-01-13T20:10:20","date_gmt":"2022-01-13T20:10:20","guid":{"rendered":"https:\/\/kessfactory.com\/?page_id=53097"},"modified":"2025-01-06T07:31:44","modified_gmt":"2025-01-06T07:31:44","slug":"kess-knigge","status":"publish","type":"page","link":"https:\/\/kessfactory.com\/?page_id=53097","title":{"rendered":"KESS+ KNIGGE."},"content":{"rendered":"<p>[et_pb_section fb_built=&#8221;1&#8243; custom_padding_last_edited=&#8221;on|phone&#8221; _builder_version=&#8221;4.24.2&#8243; _module_preset=&#8221;default&#8221; background_enable_color=&#8221;off&#8221; custom_margin_tablet=&#8221;&#8221; custom_margin_phone=&#8221;0px||||false|false&#8221; custom_margin_last_edited=&#8221;on|phone&#8221; custom_padding_tablet=&#8221;&#8221; custom_padding_phone=&#8221;30px||||false|false&#8221; global_colors_info=&#8221;{}&#8221;][et_pb_row custom_padding_last_edited=&#8221;on|phone&#8221; _builder_version=&#8221;4.24.2&#8243; _module_preset=&#8221;default&#8221; width_tablet=&#8221;95%&#8221; width_phone=&#8221;84%&#8221; width_last_edited=&#8221;on|phone&#8221; custom_padding=&#8221;26px|||||&#8221; custom_padding_tablet=&#8221;0px|||||&#8221; custom_padding_phone=&#8221;0px||||false|false&#8221; global_colors_info=&#8221;{}&#8221;][et_pb_column type=&#8221;4_4&#8243; _builder_version=&#8221;4.16&#8243; _module_preset=&#8221;default&#8221; global_colors_info=&#8221;{}&#8221;][et_pb_text _builder_version=&#8221;4.24.2&#8243; _module_preset=&#8221;default&#8221; text_font_size=&#8221;25px&#8221; text_line_height=&#8221;1.4em&#8221; header_2_font=&#8221;Oswald|||on|||||&#8221; header_2_text_align=&#8221;center&#8221; header_2_font_size=&#8221;44px&#8221; header_2_line_height=&#8221;1.2em&#8221; custom_padding=&#8221;32px|||||&#8221; custom_padding_tablet=&#8221;32px|||||&#8221; custom_padding_phone=&#8221;20px||||false|false&#8221; custom_padding_last_edited=&#8221;on|phone&#8221; header_2_font_size_tablet=&#8221;37px&#8221; header_2_font_size_phone=&#8221;24px&#8221; header_2_font_size_last_edited=&#8221;on|phone&#8221; header_2_line_height_tablet=&#8221;&#8221; header_2_line_height_phone=&#8221;1.4em&#8221; header_2_line_height_last_edited=&#8221;on|phone&#8221; global_colors_info=&#8221;{}&#8221;]<\/p>\n<h2 id=\"tw-target-text\" class=\"tw-data-text tw-text-large XcVN5d tw-ta\" dir=\"ltr\" data-placeholder=\"\u00dcbersetzung\"><span class=\"Y2IQFc\" lang=\"de\"><span style=\"color: #f78713;\">\u00a0 &#8220;DIE ACHTUNG VOREINANDER<\/span> <\/span><\/h2>\n<h2 class=\"tw-data-text tw-text-large XcVN5d tw-ta\" dir=\"ltr\" data-placeholder=\"\u00dcbersetzung\"><span class=\"Y2IQFc\" style=\"color: #137472;\" lang=\"de\">bestimmt den umgang miteinander&#8221;<\/span><span class=\"Y2IQFc\" lang=\"de\"><span style=\"color: #ffffff;\"><br \/><\/span><\/span><\/h2>\n<p>[\/et_pb_text][et_pb_text _builder_version=&#8221;4.24.2&#8243; _module_preset=&#8221;default&#8221; text_text_color=&#8221;#000000&#8243; text_font_size=&#8221;17px&#8221; text_line_height=&#8221;1.8em&#8221; text_orientation=&#8221;center&#8221; text_font_size_tablet=&#8221;16px&#8221; text_font_size_phone=&#8221;15px&#8221; text_font_size_last_edited=&#8221;on|tablet&#8221; global_colors_info=&#8221;{}&#8221;]<\/p>\n<p>Lieber KESS FAME,<\/p>\n<p>wir sind unendlich dankbar, dass Du uns Dein Vertrauen schenkst und mit uns eine Partnerschaft eingehst.<\/p>\n<p>Wie Du sicher wei\u00dft, funktionieren die besten Beziehungen nur, wenn jede Seite wei\u00df, wie der andere tickt und wie man damit umgeht. Daher haben wir hier unseren &#8220;KESS+ KNIGGE.&#8221; ver\u00f6ffentlicht,<br \/>sodass auch Du einfach wei\u00dft, wie wir &#8220;ticken&#8221;.<\/p>\n<p><strong>WIN-WIN f\u00fcr beide Seiten! \u2028<\/strong><\/p>\n<p>Auf eine tolle und lange Partnerschaft!<\/p>\n<p>KESSE GR\u00dcSSE!<br \/>WIR.<\/p>\n<p>[\/et_pb_text][\/et_pb_column][\/et_pb_row][et_pb_row _builder_version=&#8221;4.16&#8243; _module_preset=&#8221;default&#8221; width_tablet=&#8221;&#8221; width_phone=&#8221;91%&#8221; width_last_edited=&#8221;on|phone&#8221; custom_padding=&#8221;4px|||||&#8221; global_colors_info=&#8221;{}&#8221;][et_pb_column type=&#8221;4_4&#8243; _builder_version=&#8221;4.16&#8243; _module_preset=&#8221;default&#8221; global_colors_info=&#8221;{}&#8221;][et_pb_image src=&#8221;https:\/\/kessfactory.com\/wp-content\/uploads\/2025\/01\/KESS-KNIGGE.-.jpg&#8221; title_text=&#8221;KESS+ KNIGGE.&#8221; show_in_lightbox=&#8221;on&#8221; _builder_version=&#8221;4.27.4&#8243; _module_preset=&#8221;default&#8221; width=&#8221;74%&#8221; width_tablet=&#8221;100%&#8221; width_phone=&#8221;100%&#8221; width_last_edited=&#8221;on|phone&#8221; module_alignment=&#8221;center&#8221; hover_enabled=&#8221;0&#8243; global_colors_info=&#8221;{}&#8221; sticky_enabled=&#8221;0&#8243;][\/et_pb_image][\/et_pb_column][\/et_pb_row][\/et_pb_section]<\/p>\n","protected":false},"excerpt":{"rendered":"<p>\u00a0 &#8220;DIE ACHTUNG VOREINANDER bestimmt den umgang miteinander&#8221;Lieber KESS FAME, wir sind unendlich dankbar, dass Du uns Dein Vertrauen schenkst und mit uns eine Partnerschaft eingehst. Wie Du sicher wei\u00dft, funktionieren die besten Beziehungen nur, wenn jede Seite wei\u00df, wie der andere tickt und wie man damit umgeht. Daher haben wir hier unseren &#8220;KESS+ KNIGGE.&#8221; ver\u00f6ffentlicht,sodass auch Du einfach wei\u00dft, wie wir &#8220;ticken&#8221;. WIN-WIN f\u00fcr beide Seiten! \u2028 Auf eine tolle und lange Partnerschaft! KESSE GR\u00dcSSE!WIR.<\/p>\n","protected":false},"author":4,"featured_media":0,"parent":0,"menu_order":0,"comment_status":"closed","ping_status":"closed","template":"","meta":{"_et_pb_use_builder":"on","_et_pb_old_content":"","_et_gb_content_width":"","inline_featured_image":false,"footnotes":""},"class_list":["post-53097","page","type-page","status-publish","hentry"],"_links":{"self":[{"href":"https:\/\/kessfactory.com\/index.php?rest_route=\/wp\/v2\/pages\/53097","targetHints":{"allow":["GET"]}}],"collection":[{"href":"https:\/\/kessfactory.com\/index.php?rest_route=\/wp\/v2\/pages"}],"about":[{"href":"https:\/\/kessfactory.com\/index.php?rest_route=\/wp\/v2\/types\/page"}],"author":[{"embeddable":true,"href":"https:\/\/kessfactory.com\/index.php?rest_route=\/wp\/v2\/users\/4"}],"replies":[{"embeddable":true,"href":"https:\/\/kessfactory.com\/index.php?rest_route=%2Fwp%2Fv2%2Fcomments&post=53097"}],"version-history":[{"count":0,"href":"https:\/\/kessfactory.com\/index.php?rest_route=\/wp\/v2\/pages\/53097\/revisions"}],"wp:attachment":[{"href":"https:\/\/kessfactory.com\/index.php?rest_route=%2Fwp%2Fv2%2Fmedia&parent=53097"}],"curies":[{"name":"wp","href":"https:\/\/api.w.org\/{rel}","templated":true}]}}