{"id":261618,"date":"2023-03-08T17:16:36","date_gmt":"2023-03-08T17:16:36","guid":{"rendered":"https:\/\/kessfactory.com\/?page_id=261618"},"modified":"2023-08-01T08:29:08","modified_gmt":"2023-08-01T08:29:08","slug":"freebie-day-workbook","status":"publish","type":"page","link":"https:\/\/kessfactory.com\/?page_id=261618","title":{"rendered":"Freebie Day Workbook"},"content":{"rendered":"<p>[et_pb_section fb_built=&#8221;1&#8243; custom_padding_last_edited=&#8221;on|tablet&#8221; next_background_color=&#8221;#ffffff&#8221; _builder_version=&#8221;4.21.0&#8243; _module_preset=&#8221;default&#8221; background_color=&#8221;#077c7e&#8221; custom_margin_tablet=&#8221;0px||||false|false&#8221; custom_margin_phone=&#8221;0px||||false|false&#8221; custom_margin_last_edited=&#8221;on|tablet&#8221; custom_padding=&#8221;8px||156px|||&#8221; custom_padding_tablet=&#8221;0px||200px||false|false&#8221; custom_padding_phone=&#8221;||200px||false|false&#8221; bottom_divider_style=&#8221;graph3&#8243; bottom_divider_height=&#8221;268px&#8221; hover_enabled=&#8221;0&#8243; global_colors_info=&#8221;{}&#8221; background_enable_video_mp4=&#8221;off&#8221; sticky_enabled=&#8221;0&#8243;][et_pb_row custom_padding_last_edited=&#8221;on|phone&#8221; _builder_version=&#8221;4.17.6&#8243; _module_preset=&#8221;default&#8221; width_tablet=&#8221;&#8221; width_phone=&#8221;96%&#8221; width_last_edited=&#8221;on|phone&#8221; custom_padding=&#8221;46px|||||&#8221; custom_padding_tablet=&#8221;40px||||false|false&#8221; custom_padding_phone=&#8221;0px||||false|false&#8221; global_colors_info=&#8221;{}&#8221;][et_pb_column type=&#8221;4_4&#8243; _builder_version=&#8221;4.16&#8243; _module_preset=&#8221;default&#8221; global_colors_info=&#8221;{}&#8221;][et_pb_text _builder_version=&#8221;4.16&#8243; _module_preset=&#8221;default&#8221; text_font_size=&#8221;25px&#8221; text_line_height=&#8221;1.4em&#8221; header_2_font=&#8221;Oswald|||on|||||&#8221; header_2_text_align=&#8221;center&#8221; header_2_font_size=&#8221;44px&#8221; header_2_line_height=&#8221;1.2em&#8221; custom_margin=&#8221;||13px|||&#8221; custom_padding=&#8221;32px|||||&#8221; header_2_font_size_tablet=&#8221;&#8221; header_2_font_size_phone=&#8221;28px&#8221; header_2_font_size_last_edited=&#8221;on|phone&#8221; header_2_line_height_tablet=&#8221;&#8221; header_2_line_height_phone=&#8221;1.4em&#8221; header_2_line_height_last_edited=&#8221;on|phone&#8221; global_colors_info=&#8221;{}&#8221;]<\/p>\n<h2 id=\"tw-target-text\" class=\"tw-data-text tw-text-large XcVN5d tw-ta\" dir=\"ltr\" data-placeholder=\"\u00dcbersetzung\"><span class=\"Y2IQFc\" lang=\"de\"><span style=\"color: #f78511;\">Bald geht&#8217;s los<\/span><\/span><\/h2>\n<h2 class=\"tw-data-text tw-text-large XcVN5d tw-ta\" dir=\"ltr\" data-placeholder=\"\u00dcbersetzung\"><span class=\"Y2IQFc\" lang=\"de\"><span style=\"color: #ffffff;\">Freebie+ Day+ Workshop.<\/span><\/span><span class=\"Y2IQFc\" lang=\"de\"><span style=\"color: #ffffff;\"><br \/><\/span><\/span><\/h2>\n<p>[\/et_pb_text][et_pb_image src=&#8221;https:\/\/kessfactory.com\/wp-content\/uploads\/2022\/10\/KESS-FACTORY-FAMES1.png&#8221; title_text=&#8221;KESS FACTORY FAMES(1)&#8221; align=&#8221;center&#8221; _builder_version=&#8221;4.17.6&#8243; _module_preset=&#8221;default&#8221; width=&#8221;46%&#8221; custom_margin=&#8221;||6px|||&#8221; global_colors_info=&#8221;{}&#8221;][\/et_pb_image][et_pb_text _builder_version=&#8221;4.19.5&#8243; _module_preset=&#8221;default&#8221; text_font=&#8221;||||||||&#8221; text_text_color=&#8221;#FFFFFF&#8221; text_font_size=&#8221;18px&#8221; text_line_height=&#8221;1.6em&#8221; text_orientation=&#8221;center&#8221; width=&#8221;73%&#8221; width_tablet=&#8221;100%&#8221; width_phone=&#8221;94%&#8221; width_last_edited=&#8221;on|phone&#8221; module_alignment=&#8221;center&#8221; custom_margin=&#8221;||-4px||false|false&#8221; text_font_size_tablet=&#8221;&#8221; text_font_size_phone=&#8221;16px&#8221; text_font_size_last_edited=&#8221;on|phone&#8221; global_colors_info=&#8221;{}&#8221;]<\/p>\n<p>Hey, wir sind Yvonne und Frances, Deine KESS FACTORY Fabrikantinnen.<\/p>\n<p>Beim Freebie+ Day+ Workshop. erwartet Dich wieder ein spannender KESS Tag mit viel Input, viel Aha-Momenten, viel Wissen, viel Know-How, viiiiiiiieeeeeelllllllll Spa\u00df und nat\u00fcrlich mit Resultaten am Ende. Denn wie bei all unseren Workshops, kommst Du sofort in die Umsetzung. Von der Praxis- f\u00fcr die Praxis! Denn wie Du wei\u00dft, reden wir nicht nur, wissen nicht nur wies geht, sondern setzten es auch noch jeden Tag erfolgreich um: <strong>BRAND<span style=\"color: #f78713;\">+<\/span> DIGITAL<span style=\"color: #f78713;\">+<\/span> SALE<span style=\"color: #f78713;\">.<\/span><\/strong><\/p>\n<p>Hier noch einmal alle Informationen zusammengefasst:<\/p>\n<p>[\/et_pb_text][et_pb_text _builder_version=&#8221;4.17.6&#8243; _module_preset=&#8221;default&#8221; text_font=&#8221;|600|||||||&#8221; text_text_color=&#8221;#FFFFFF&#8221; text_font_size=&#8221;24px&#8221; text_line_height=&#8221;1.6em&#8221; text_orientation=&#8221;center&#8221; width=&#8221;100%&#8221; width_tablet=&#8221;100%&#8221; width_phone=&#8221;100%&#8221; width_last_edited=&#8221;on|phone&#8221; module_alignment=&#8221;center&#8221; custom_margin=&#8221;0px||11px||false|false&#8221; custom_padding=&#8221;21px|||||&#8221; custom_padding_tablet=&#8221;50px||||false|false&#8221; custom_padding_phone=&#8221;50px||||false|false&#8221; custom_padding_last_edited=&#8221;on|tablet&#8221; text_font_size_tablet=&#8221;20px&#8221; text_font_size_phone=&#8221;18px&#8221; text_font_size_last_edited=&#8221;on|phone&#8221; global_colors_info=&#8221;{}&#8221;]<\/p>\n<p>Termin:<\/p>\n<p>[\/et_pb_text][et_pb_text _builder_version=&#8221;4.19.5&#8243; _module_preset=&#8221;default&#8221; text_font=&#8221;||||||||&#8221; text_text_color=&#8221;#FFFFFF&#8221; text_font_size=&#8221;18px&#8221; text_line_height=&#8221;1.6em&#8221; text_orientation=&#8221;center&#8221; width=&#8221;100%&#8221; width_tablet=&#8221;100%&#8221; width_phone=&#8221;94%&#8221; width_last_edited=&#8221;on|phone&#8221; module_alignment=&#8221;center&#8221; custom_margin=&#8221;||-4px||false|false&#8221; custom_padding=&#8221;1px|||||&#8221; text_font_size_tablet=&#8221;&#8221; text_font_size_phone=&#8221;16px&#8221; text_font_size_last_edited=&#8221;on|phone&#8221; global_colors_info=&#8221;{}&#8221;]<\/p>\n<p>10. M\u00e4rz 2023: 09.00 bis 16.00 Uhr<\/p>\n<p>[\/et_pb_text][et_pb_text _builder_version=&#8221;4.17.6&#8243; _module_preset=&#8221;default&#8221; text_font=&#8221;|600|||||||&#8221; text_text_color=&#8221;#FFFFFF&#8221; text_font_size=&#8221;24px&#8221; text_line_height=&#8221;1.6em&#8221; text_orientation=&#8221;center&#8221; width=&#8221;100%&#8221; width_tablet=&#8221;100%&#8221; width_phone=&#8221;100%&#8221; width_last_edited=&#8221;on|phone&#8221; module_alignment=&#8221;center&#8221; custom_margin=&#8221;30px||11px||false|false&#8221; custom_margin_tablet=&#8221;0px||11px||false|false&#8221; custom_margin_phone=&#8221;0px||11px||false|false&#8221; custom_margin_last_edited=&#8221;on|tablet&#8221; custom_padding=&#8221;13px|||||&#8221; custom_padding_tablet=&#8221;50px||||false|false&#8221; custom_padding_phone=&#8221;50px||||false|false&#8221; custom_padding_last_edited=&#8221;on|tablet&#8221; text_font_size_tablet=&#8221;20px&#8221; text_font_size_phone=&#8221;18px&#8221; text_font_size_last_edited=&#8221;on|phone&#8221; global_colors_info=&#8221;{}&#8221;]<\/p>\n<p>Factory Adresse:<\/p>\n<p>[\/et_pb_text][et_pb_text _builder_version=&#8221;4.17.6&#8243; _module_preset=&#8221;default&#8221; text_font=&#8221;||||||||&#8221; text_text_color=&#8221;#FFFFFF&#8221; text_font_size=&#8221;18px&#8221; text_line_height=&#8221;1.6em&#8221; text_orientation=&#8221;center&#8221; width=&#8221;100%&#8221; width_tablet=&#8221;100%&#8221; width_phone=&#8221;94%&#8221; width_last_edited=&#8221;on|phone&#8221; module_alignment=&#8221;center&#8221; custom_margin=&#8221;||-4px||false|false&#8221; custom_padding=&#8221;1px|||||&#8221; text_font_size_tablet=&#8221;&#8221; text_font_size_phone=&#8221;16px&#8221; text_font_size_last_edited=&#8221;on|phone&#8221; global_colors_info=&#8221;{}&#8221;]Der Workshop findet in unserer Factory statt.<\/p>\n<p>KESS FACTORY GmbH (3. Etage)<br \/>\nKarl-Liebknecht-Stra\u00dfe 1A<br \/>\n04107 Leipzig[\/et_pb_text][et_pb_button button_url=&#8221;https:\/\/www.google.com\/maps\/dir\/51.3343488,12.3764736\/kess+factory&#8221; url_new_window=&#8221;on&#8221; button_text=&#8221;Deine Route mit Google Maps planen&#8221; button_alignment=&#8221;center&#8221; _builder_version=&#8221;4.17.6&#8243; _module_preset=&#8221;default&#8221; custom_button=&#8221;on&#8221; button_text_size=&#8221;27px&#8221; button_text_color=&#8221;#f78511&#8243; button_bg_color=&#8221;RGBA(255,255,255,0)&#8221; button_border_width=&#8221;0px&#8221; button_border_radius=&#8221;0px&#8221; button_font=&#8221;||on|on|on||||&#8221; button_icon=&#8221;&#xe03c;||divi||400&#8243; button_icon_color=&#8221;#f78511&#8243; button_icon_placement=&#8221;left&#8221; button_on_hover=&#8221;off&#8221; custom_margin=&#8221;15px||||false|false&#8221; custom_margin_tablet=&#8221;||0px||false|false&#8221; custom_margin_phone=&#8221;||0px||false|false&#8221; custom_margin_last_edited=&#8221;on|tablet&#8221; custom_padding=&#8221;0px|||||&#8221; custom_padding_tablet=&#8221;||0px||false|false&#8221; custom_padding_phone=&#8221;||0px||false|false&#8221; custom_padding_last_edited=&#8221;on|tablet&#8221; button_text_size_tablet=&#8221;30px&#8221; button_text_size_phone=&#8221;22px&#8221; button_text_size_last_edited=&#8221;on|phone&#8221; global_colors_info=&#8221;{}&#8221;][\/et_pb_button][et_pb_text _builder_version=&#8221;4.17.6&#8243; _module_preset=&#8221;default&#8221; text_font=&#8221;|600|||||||&#8221; text_text_color=&#8221;#FFFFFF&#8221; text_font_size=&#8221;24px&#8221; text_line_height=&#8221;1.6em&#8221; text_orientation=&#8221;center&#8221; width=&#8221;100%&#8221; width_tablet=&#8221;100%&#8221; width_phone=&#8221;100%&#8221; width_last_edited=&#8221;on|phone&#8221; module_alignment=&#8221;center&#8221; custom_margin=&#8221;30px||11px||false|false&#8221; custom_margin_tablet=&#8221;0px||11px||false|false&#8221; custom_margin_phone=&#8221;0px||11px||false|false&#8221; custom_margin_last_edited=&#8221;on|tablet&#8221; custom_padding_tablet=&#8221;50px||||false|false&#8221; custom_padding_phone=&#8221;50px||||false|false&#8221; custom_padding_last_edited=&#8221;on|tablet&#8221; text_font_size_tablet=&#8221;20px&#8221; text_font_size_phone=&#8221;18px&#8221; text_font_size_last_edited=&#8221;on|phone&#8221; global_colors_info=&#8221;{}&#8221;]<\/p>\n<p>Workbook:<\/p>\n<p>[\/et_pb_text][et_pb_text _builder_version=&#8221;4.17.6&#8243; _module_preset=&#8221;default&#8221; text_font=&#8221;||||||||&#8221; text_text_color=&#8221;#FFFFFF&#8221; text_font_size=&#8221;18px&#8221; text_line_height=&#8221;1.6em&#8221; text_orientation=&#8221;center&#8221; width=&#8221;65%&#8221; width_tablet=&#8221;100%&#8221; width_phone=&#8221;94%&#8221; width_last_edited=&#8221;on|phone&#8221; module_alignment=&#8221;center&#8221; custom_margin=&#8221;||-4px||false|false&#8221; custom_padding=&#8221;||17px|||&#8221; text_font_size_tablet=&#8221;&#8221; text_font_size_phone=&#8221;16px&#8221; text_font_size_last_edited=&#8221;on|phone&#8221; global_colors_info=&#8221;{}&#8221;]<\/p>\n<p>Wie versprochen, bekommst Du f\u00fcr Deinen Freebie+ Day+ Workshop. Dein eigenes Workbook. In diesem Workbook bekommst Du nochmals alle behandelten Themen &#8211; erg\u00e4nzend zu unserer Pr\u00e4sentation vor Ort &#8211; zusammengefasst, darfst aktiv mitarbeiten, Dir gleich Notizen machen und selbstverst\u00e4ndlich die mitgebrachten Blaupausen erf\u00fcllen.<\/p>\n<p>So hast Du alles immer wieder griffbereit und kannst Dein erlangtes Wissen perfekt Deinem Team weitergeben.<\/p>\n<p>Um das Meiste und Beste aus Deinem Freebie+ Day. herauszuholen, empfehlen wir Dir dieses Workbook vor dem Start unseres Workshops auszudrucken. Nat\u00fcrlich liegt das Workbook am Freitag hier auch online ausf\u00fcllbar bereit \ud83d\ude09<\/p>\n<p>[\/et_pb_text][et_pb_button button_url=&#8221;https:\/\/kessfactory.com\/wp-content\/uploads\/2023\/03\/Freebie-Day-KESS-FACTORY.pdf&#8221; button_text=&#8221;Workbook herunterladen&#8221; button_alignment=&#8221;center&#8221; _builder_version=&#8221;4.20.2&#8243; _module_preset=&#8221;default&#8221; custom_button=&#8221;on&#8221; button_text_size=&#8221;27px&#8221; button_text_color=&#8221;#f78511&#8243; button_bg_color=&#8221;RGBA(255,255,255,0)&#8221; button_border_width=&#8221;0px&#8221; button_border_radius=&#8221;0px&#8221; button_font=&#8221;||on|on|on||||&#8221; button_icon=&#8221;&#xe03c;||divi||400&#8243; button_icon_color=&#8221;#f78511&#8243; button_icon_placement=&#8221;left&#8221; button_on_hover=&#8221;off&#8221; custom_margin=&#8221;15px||-8px||false|false&#8221; custom_padding=&#8221;0px|||||&#8221; button_text_size_tablet=&#8221;30px&#8221; button_text_size_phone=&#8221;22px&#8221; button_text_size_last_edited=&#8221;on|phone&#8221; global_colors_info=&#8221;{}&#8221;][\/et_pb_button][et_pb_button button_url=&#8221;https:\/\/kessfactory.com\/freebie-day-workbook\/leseansicht&#8221; button_text=&#8221;Workbook durchbl\u00e4ttern&#8221; button_alignment=&#8221;center&#8221; _builder_version=&#8221;4.19.5&#8243; _module_preset=&#8221;default&#8221; custom_button=&#8221;on&#8221; button_text_size=&#8221;27px&#8221; button_text_color=&#8221;#f78511&#8243; button_bg_color=&#8221;RGBA(255,255,255,0)&#8221; button_border_width=&#8221;0px&#8221; button_border_radius=&#8221;0px&#8221; button_font=&#8221;||on|on|on||||&#8221; button_icon=&#8221;&#xe03c;||divi||400&#8243; button_icon_color=&#8221;#f78511&#8243; button_icon_placement=&#8221;left&#8221; button_on_hover=&#8221;off&#8221; custom_margin=&#8221;15px||0px||false|false&#8221; custom_padding=&#8221;0px||0px||false|false&#8221; button_text_size_tablet=&#8221;30px&#8221; button_text_size_phone=&#8221;22px&#8221; button_text_size_last_edited=&#8221;on|phone&#8221; global_colors_info=&#8221;{}&#8221;][\/et_pb_button][\/et_pb_column][\/et_pb_row][\/et_pb_section][et_pb_section fb_built=&#8221;1&#8243; _builder_version=&#8221;4.17.4&#8243; _module_preset=&#8221;default&#8221; top_divider_color=&#8221;#f78713&#8243; global_colors_info=&#8221;{}&#8221;][et_pb_row _builder_version=&#8221;4.17.0&#8243; _module_preset=&#8221;default&#8221; custom_padding=&#8221;||62px|||&#8221; global_colors_info=&#8221;{}&#8221;][et_pb_column type=&#8221;4_4&#8243; _builder_version=&#8221;4.17.0&#8243; _module_preset=&#8221;default&#8221; global_colors_info=&#8221;{}&#8221;][et_pb_text _builder_version=&#8221;4.17.6&#8243; _module_preset=&#8221;default&#8221; text_font=&#8221;Oswald|||on|||||&#8221; text_font_size=&#8221;34px&#8221; header_2_font=&#8221;Oswald|||on|||||&#8221; header_2_font_size=&#8221;54px&#8221; header_2_line_height=&#8221;1.2em&#8221; text_orientation=&#8221;center&#8221; text_font_size_tablet=&#8221;&#8221; text_font_size_phone=&#8221;24px&#8221; text_font_size_last_edited=&#8221;on|phone&#8221; text_line_height_tablet=&#8221;&#8221; text_line_height_phone=&#8221;1.4em&#8221; text_line_height_last_edited=&#8221;on|phone&#8221; global_colors_info=&#8221;{}&#8221;]<\/p>\n<p>Reziprozit\u00e4tsprinzip<\/p>\n<p>[\/et_pb_text][et_pb_text _builder_version=&#8221;4.17.6&#8243; _module_preset=&#8221;default&#8221; text_font=&#8221;Oswald|||on|||||&#8221; text_font_size=&#8221;34px&#8221; header_2_font=&#8221;Oswald|||on|||||&#8221; header_2_font_size=&#8221;54px&#8221; header_2_line_height=&#8221;1.2em&#8221; text_orientation=&#8221;center&#8221; text_font_size_tablet=&#8221;&#8221; text_font_size_phone=&#8221;24px&#8221; text_font_size_last_edited=&#8221;on|phone&#8221; text_line_height_tablet=&#8221;&#8221; text_line_height_phone=&#8221;1.4em&#8221; text_line_height_last_edited=&#8221;on|phone&#8221; global_colors_info=&#8221;{}&#8221;]<\/p>\n<p>Schenkst Du uns ein Videostatement?<\/p>\n<p>[\/et_pb_text][et_pb_text _builder_version=&#8221;4.17.6&#8243; _module_preset=&#8221;default&#8221; text_font_size=&#8221;18px&#8221; text_line_height=&#8221;1.6em&#8221; text_orientation=&#8221;center&#8221; width=&#8221;85%&#8221; module_alignment=&#8221;center&#8221; global_colors_info=&#8221;{}&#8221;]<\/p>\n<p>Mach Dich schick, bring ein paar Minuten mehr Zeit mit und schenke uns eine kesse Videoreferenz (Feedback zum Freebie+ Day.). Diese wird nach dem Workshop (16 Uhr) in unserem B\u00fcro aufgenommen (ca. 0,5 &#8211; 1 Minute) und auf unserer Website mit Verlinkung zu Deiner Website eingebunden (Win-Win f\u00fcr alle).\u00a0<\/p>\n<p>KESSE GR\u00dcSSE!<\/p>\n<p>WIR.<\/p>\n<p>[\/et_pb_text][\/et_pb_column][\/et_pb_row][\/et_pb_section]<\/p>\n","protected":false},"excerpt":{"rendered":"<p>Bald geht&#8217;s los Freebie+ Day+ Workshop.Hey, wir sind Yvonne und Frances, Deine KESS FACTORY Fabrikantinnen. Beim Freebie+ Day+ Workshop. erwartet Dich wieder ein spannender KESS Tag mit viel Input, viel Aha-Momenten, viel Wissen, viel Know-How, viiiiiiiieeeeeelllllllll Spa\u00df und nat\u00fcrlich mit Resultaten am Ende. Denn wie bei all unseren Workshops, kommst Du sofort in die Umsetzung. Von der Praxis- f\u00fcr die Praxis! Denn wie Du wei\u00dft, reden wir nicht nur, wissen nicht nur wies geht, sondern setzten es auch noch jeden Tag erfolgreich um: BRAND+ DIGITAL+ SALE. Hier noch einmal alle Informationen zusammengefasst:Termin:10. M\u00e4rz 2023: 09.00 bis 16.00 UhrFactory Adresse:Der Workshop findet in unserer Factory statt. KESS FACTORY GmbH (3. Etage) Karl-Liebknecht-Stra\u00dfe 1A 04107 LeipzigWorkbook:Wie versprochen, bekommst Du f\u00fcr Deinen Freebie+ Day+ Workshop. Dein eigenes Workbook. In diesem Workbook bekommst Du nochmals alle behandelten Themen &#8211; erg\u00e4nzend zu unserer Pr\u00e4sentation vor Ort &#8211; zusammengefasst, darfst aktiv mitarbeiten, Dir gleich Notizen machen und selbstverst\u00e4ndlich die mitgebrachten Blaupausen erf\u00fcllen. So hast Du alles immer wieder griffbereit und kannst Dein erlangtes Wissen perfekt Deinem Team weitergeben. Um das Meiste und Beste aus Deinem Freebie+ Day. herauszuholen, empfehlen wir Dir dieses Workbook vor dem Start unseres Workshops auszudrucken. Nat\u00fcrlich liegt das Workbook am Freitag hier [&hellip;]<\/p>\n","protected":false},"author":4,"featured_media":0,"parent":0,"menu_order":0,"comment_status":"closed","ping_status":"closed","template":"","meta":{"_et_pb_use_builder":"on","_et_pb_old_content":"","_et_gb_content_width":"","inline_featured_image":false,"footnotes":""},"class_list":["post-261618","page","type-page","status-publish","hentry"],"_links":{"self":[{"href":"https:\/\/kessfactory.com\/index.php?rest_route=\/wp\/v2\/pages\/261618","targetHints":{"allow":["GET"]}}],"collection":[{"href":"https:\/\/kessfactory.com\/index.php?rest_route=\/wp\/v2\/pages"}],"about":[{"href":"https:\/\/kessfactory.com\/index.php?rest_route=\/wp\/v2\/types\/page"}],"author":[{"embeddable":true,"href":"https:\/\/kessfactory.com\/index.php?rest_route=\/wp\/v2\/users\/4"}],"replies":[{"embeddable":true,"href":"https:\/\/kessfactory.com\/index.php?rest_route=%2Fwp%2Fv2%2Fcomments&post=261618"}],"version-history":[{"count":0,"href":"https:\/\/kessfactory.com\/index.php?rest_route=\/wp\/v2\/pages\/261618\/revisions"}],"wp:attachment":[{"href":"https:\/\/kessfactory.com\/index.php?rest_route=%2Fwp%2Fv2%2Fmedia&parent=261618"}],"curies":[{"name":"wp","href":"https:\/\/api.w.org\/{rel}","templated":true}]}}